{"id":6637,"date":"2025-10-09T00:00:00","date_gmt":"2025-10-08T22:00:00","guid":{"rendered":"https:\/\/yotavis.ch\/product\/pcr18000wea2-3p4w-400v-500hz-lmt\/"},"modified":"2026-04-24T13:34:27","modified_gmt":"2026-04-24T11:34:27","slug":"pcr18000wea2-3p4w-400v-500hz-lmt","status":"publish","type":"product","link":"https:\/\/yotavis.ch\/pl\/produkt\/pcr18000wea2-3p4w-400v-500hz-lmt\/","title":{"rendered":"PCR18000WEA2 3P4W 400V (500Hz LMT)"},"content":{"rendered":"<p>Kikusui PCR18000WEA2 to ultrakompaktowy zasilacz AC\/DC o mocy znamionowej 18kVA przeznaczony do tr\u00f3jfazowych, czteroprzewodowych system\u00f3w 400V. Pracuje przy napi\u0119ciu 320V i mo\u017ce dostarcza\u0107 pr\u0105d o nat\u0119\u017ceniu do 180A. Model ten obs\u0142uguje maksymaln\u0105 cz\u0119stotliwo\u015b\u0107 500 Hz, dzi\u0119ki czemu nadaje si\u0119 do zastosowa\u0144 wymagaj\u0105cych zasilania o wy\u017cszej cz\u0119stotliwo\u015bci. Urz\u0105dzenie posiada pojedynczy kana\u0142 wyj\u015bciowy i jest wyposa\u017cone w funkcj\u0119 zdalnego sterowania dla wygodnej obs\u0142ugi. Jego konstrukcja podkre\u015bla kompaktowo\u015b\u0107 przy jednoczesnym zapewnieniu znacznej mocy wyj\u015bciowej, dzi\u0119ki czemu nadaje si\u0119 do r\u00f3\u017cnych \u015brodowisk przemys\u0142owych i testowych. Zasilacz zosta\u0142 zaprojektowany do obs\u0142ugi wymagaj\u0105cych obci\u0105\u017ce\u0144 elektrycznych z precyzj\u0105 i niezawodno\u015bci\u0105.<\/p>","protected":false},"excerpt":{"rendered":"<p>Ultra kompaktowy zasilacz AC\/DC 18kVA 3P4W 400V<\/p>","protected":false},"featured_media":7725,"comment_status":"closed","ping_status":"closed","template":"","meta":{"_acf_changed":false,"slim_seo":{"title":"PCR18000WEA2 3P4W 400V (500Hz LMT) - YOTAVIS AG","description":"Ultra kompaktowy zasilacz AC\/DC 18kVA 3P4W 400V"}},"product_brand":[551],"product_cat":[625,515],"product_tag":[],"class_list":{"0":"post-6637","1":"product","2":"type-product","3":"status-publish","4":"has-post-thumbnail","6":"product_brand-kikusui","7":"product_cat-ac-dc-source-en","8":"product_cat-power-en","9":"pa_current-a-622","10":"pa_max-frequency-hz-1020","11":"pa_output-number-146","12":"pa_power-w-629","13":"pa_remote-control-yes","14":"pa_voltage-v-575","16":"first","17":"instock","18":"taxable","19":"shipping-taxable","20":"purchasable","21":"product-type-simple"},"acf":[],"_links":{"self":[{"href":"https:\/\/yotavis.ch\/pl\/wp-json\/wp\/v2\/product\/6637","targetHints":{"allow":["GET"]}}],"collection":[{"href":"https:\/\/yotavis.ch\/pl\/wp-json\/wp\/v2\/product"}],"about":[{"href":"https:\/\/yotavis.ch\/pl\/wp-json\/wp\/v2\/types\/product"}],"replies":[{"embeddable":true,"href":"https:\/\/yotavis.ch\/pl\/wp-json\/wp\/v2\/comments?post=6637"}],"wp:featuredmedia":[{"embeddable":true,"href":"https:\/\/yotavis.ch\/pl\/wp-json\/wp\/v2\/media\/7725"}],"wp:attachment":[{"href":"https:\/\/yotavis.ch\/pl\/wp-json\/wp\/v2\/media?parent=6637"}],"wp:term":[{"taxonomy":"product_brand","embeddable":true,"href":"https:\/\/yotavis.ch\/pl\/wp-json\/wp\/v2\/product_brand?post=6637"},{"taxonomy":"product_cat","embeddable":true,"href":"https:\/\/yotavis.ch\/pl\/wp-json\/wp\/v2\/product_cat?post=6637"},{"taxonomy":"product_tag","embeddable":true,"href":"https:\/\/yotavis.ch\/pl\/wp-json\/wp\/v2\/product_tag?post=6637"}],"curies":[{"name":"wp","href":"https:\/\/api.w.org\/{rel}","templated":true}]}}