{"id":6645,"date":"2025-10-09T00:00:00","date_gmt":"2025-10-08T22:00:00","guid":{"rendered":"https:\/\/yotavis.ch\/product\/pcr24000wea2r-3p3w-400v-500hz-lmt\/"},"modified":"2026-04-24T13:34:32","modified_gmt":"2026-04-24T11:34:32","slug":"pcr24000wea2r-3p3w-400v-500hz-lmt","status":"publish","type":"product","link":"https:\/\/yotavis.ch\/pl\/produkt\/pcr24000wea2r-3p3w-400v-500hz-lmt\/","title":{"rendered":"PCR24000WEA2R 3P3W 400V (500Hz LMT)"},"content":{"rendered":"<p>Kikusui PCR24000WEA2R to ultrakompaktowy zasilacz AC\/DC o mocy wyj\u015bciowej 24 000 wat\u00f3w. Pracuje przy napi\u0119ciu 320 V i dostarcza pr\u0105d o nat\u0119\u017ceniu 240 amper\u00f3w. Model ten posiada pojedyncze wyj\u015bcie i obs\u0142uguje maksymaln\u0105 cz\u0119stotliwo\u015b\u0107 500 Hz. Zaprojektowany do system\u00f3w tr\u00f3jfazowych, tr\u00f3jprzewodowych (3P3W) przy napi\u0119ciu 400 V, posiada funkcj\u0119 zdalnego sterowania dla wygodnej obs\u0142ugi. Zasilacz zosta\u0142 zaprojektowany tak, aby sprosta\u0107 wysokiemu zapotrzebowaniu na moc przy zachowaniu kompaktowej obudowy. Jego specyfikacje sprawiaj\u0105, \u017ce nadaje si\u0119 do zastosowa\u0144 wymagaj\u0105cych stabilnego i niezawodnego dostarczania mocy przy podwy\u017cszonych cz\u0119stotliwo\u015bciach.<\/p>","protected":false},"excerpt":{"rendered":"<p>Ultra kompaktowy zasilacz AC\/DC 24kVA 3P3W 400V<\/p>","protected":false},"featured_media":7725,"comment_status":"closed","ping_status":"closed","template":"","meta":{"_acf_changed":false,"slim_seo":{"title":"PCR24000WEA2R 3P3W 400V (500Hz LMT) - YOTAVIS AG","description":"Ultra kompaktowy zasilacz AC\/DC 24kVA 3P3W 400V"}},"product_brand":[551],"product_cat":[625,515],"product_tag":[],"class_list":{"0":"post-6645","1":"product","2":"type-product","3":"status-publish","4":"has-post-thumbnail","6":"product_brand-kikusui","7":"product_cat-ac-dc-source-en","8":"product_cat-power-en","9":"pa_current-a-634","10":"pa_max-frequency-hz-1020","11":"pa_output-number-146","12":"pa_power-w-633","13":"pa_remote-control-yes","14":"pa_voltage-v-575","16":"first","17":"instock","18":"taxable","19":"shipping-taxable","20":"product-type-simple"},"acf":[],"_links":{"self":[{"href":"https:\/\/yotavis.ch\/pl\/wp-json\/wp\/v2\/product\/6645","targetHints":{"allow":["GET"]}}],"collection":[{"href":"https:\/\/yotavis.ch\/pl\/wp-json\/wp\/v2\/product"}],"about":[{"href":"https:\/\/yotavis.ch\/pl\/wp-json\/wp\/v2\/types\/product"}],"replies":[{"embeddable":true,"href":"https:\/\/yotavis.ch\/pl\/wp-json\/wp\/v2\/comments?post=6645"}],"wp:featuredmedia":[{"embeddable":true,"href":"https:\/\/yotavis.ch\/pl\/wp-json\/wp\/v2\/media\/7725"}],"wp:attachment":[{"href":"https:\/\/yotavis.ch\/pl\/wp-json\/wp\/v2\/media?parent=6645"}],"wp:term":[{"taxonomy":"product_brand","embeddable":true,"href":"https:\/\/yotavis.ch\/pl\/wp-json\/wp\/v2\/product_brand?post=6645"},{"taxonomy":"product_cat","embeddable":true,"href":"https:\/\/yotavis.ch\/pl\/wp-json\/wp\/v2\/product_cat?post=6645"},{"taxonomy":"product_tag","embeddable":true,"href":"https:\/\/yotavis.ch\/pl\/wp-json\/wp\/v2\/product_tag?post=6645"}],"curies":[{"name":"wp","href":"https:\/\/api.w.org\/{rel}","templated":true}]}}