{"id":6684,"date":"2025-10-09T00:00:00","date_gmt":"2025-10-08T22:00:00","guid":{"rendered":"https:\/\/yotavis.ch\/product\/bim1030-with-lan\/"},"modified":"2026-04-24T13:34:52","modified_gmt":"2026-04-24T11:34:52","slug":"bim1030-with-lan","status":"publish","type":"product","link":"https:\/\/yotavis.ch\/pl\/produkt\/bim1030-with-lan\/","title":{"rendered":"BIM1030 Z LAN"},"content":{"rendered":"<p>BIM1030 WITH LAN to miernik impedancji akumulatora zaprojektowany przez firm\u0119 Kikusui. Charakteryzuje si\u0119 znamionowym napi\u0119ciem wej\u015bciowym \u00b1300 V, umo\u017cliwiaj\u0105c pomiar impedancji akumulatora w okre\u015blonym zakresie. Urz\u0105dzenie jest wyposa\u017cone w \u0142\u0105czno\u015b\u0107 LAN, u\u0142atwiaj\u0105c\u0105 komunikacj\u0119 sieciow\u0105 i zdalny dost\u0119p do danych. Jako specjalistyczny przyrz\u0105d, koncentruje si\u0119 na precyzyjnych pomiarach impedancji krytycznych dla analizy baterii. Numer modelu BIM1030 wskazuje na jego konkretn\u0105 konfiguracj\u0119 w ramach linii produkt\u00f3w Kikusui. Miernik ten jest odpowiedni do zastosowa\u0144 wymagaj\u0105cych dok\u0142adnej oceny stanu i wydajno\u015bci baterii poprzez ocen\u0119 impedancji.<\/p>","protected":false},"excerpt":{"rendered":"<p>Miernik impedancji akumulatora, wej\u015bcie znamionowe \u00b1300 V<\/p>","protected":false},"featured_media":7780,"comment_status":"closed","ping_status":"closed","template":"","meta":{"_acf_changed":false,"slim_seo":{"title":"BIM1030 WITH LAN - YOTAVIS AG","description":"Miernik impedancji akumulatora, wej\u015bcie znamionowe \u00b1300 V"}},"product_brand":[551],"product_cat":[518,538],"product_tag":[],"class_list":{"0":"post-6684","1":"product","2":"type-product","3":"status-publish","4":"has-post-thumbnail","6":"product_brand-kikusui","7":"product_cat-meters","8":"product_cat-others-meters","10":"first","11":"instock","12":"taxable","13":"shipping-taxable","14":"purchasable","15":"product-type-simple"},"acf":[],"_links":{"self":[{"href":"https:\/\/yotavis.ch\/pl\/wp-json\/wp\/v2\/product\/6684","targetHints":{"allow":["GET"]}}],"collection":[{"href":"https:\/\/yotavis.ch\/pl\/wp-json\/wp\/v2\/product"}],"about":[{"href":"https:\/\/yotavis.ch\/pl\/wp-json\/wp\/v2\/types\/product"}],"replies":[{"embeddable":true,"href":"https:\/\/yotavis.ch\/pl\/wp-json\/wp\/v2\/comments?post=6684"}],"wp:featuredmedia":[{"embeddable":true,"href":"https:\/\/yotavis.ch\/pl\/wp-json\/wp\/v2\/media\/7780"}],"wp:attachment":[{"href":"https:\/\/yotavis.ch\/pl\/wp-json\/wp\/v2\/media?parent=6684"}],"wp:term":[{"taxonomy":"product_brand","embeddable":true,"href":"https:\/\/yotavis.ch\/pl\/wp-json\/wp\/v2\/product_brand?post=6684"},{"taxonomy":"product_cat","embeddable":true,"href":"https:\/\/yotavis.ch\/pl\/wp-json\/wp\/v2\/product_cat?post=6684"},{"taxonomy":"product_tag","embeddable":true,"href":"https:\/\/yotavis.ch\/pl\/wp-json\/wp\/v2\/product_tag?post=6684"}],"curies":[{"name":"wp","href":"https:\/\/api.w.org\/{rel}","templated":true}]}}