{"id":6698,"date":"2025-10-09T00:00:00","date_gmt":"2025-10-08T22:00:00","guid":{"rendered":"https:\/\/yotavis.ch\/product\/tbma5b\/"},"modified":"2026-04-24T13:34:57","modified_gmt":"2026-04-24T11:34:57","slug":"tbma5b","status":"publish","type":"product","link":"https:\/\/yotavis.ch\/pl\/produkt\/tbma5b\/","title":{"rendered":"TBMA5B"},"content":{"rendered":"<p>TBMA5B to aktywna antena monopolowa zaprojektowana do pracy w zakresie cz\u0119stotliwo\u015bci od 9 kHz do 30 MHz. Wyprodukowana przez Tekbox antena posiada z\u0142\u0105cze typu N, kt\u00f3re jest powszechnie u\u017cywane w aplikacjach RF. Jej konstrukcja obs\u0142uguje szerokie spektrum cz\u0119stotliwo\u015bci, dzi\u0119ki czemu nadaje si\u0119 do r\u00f3\u017cnych zada\u0144 odbioru i transmisji sygna\u0142u w okre\u015blonym zakresie. Aktywny charakter anteny oznacza, \u017ce zawiera ona zintegrowany wzmacniacz w celu zwi\u0119kszenia si\u0142y sygna\u0142u. Model ten nie podaje konkretnych warto\u015bci znamionowych mocy, napi\u0119cia lub pr\u0105du, skupiaj\u0105c si\u0119 zamiast tego na swoich mo\u017cliwo\u015bciach cz\u0119stotliwo\u015bciowych. Konstrukcja anteny i typ z\u0142\u0105cza sugeruj\u0105 kompatybilno\u015b\u0107 ze standardowym sprz\u0119tem RF wymagaj\u0105cym po\u0142\u0105cze\u0144 typu N. Og\u00f3lnie rzecz bior\u0105c, TBMA5B stanowi wyspecjalizowane rozwi\u0105zanie dla aplikacji wymagaj\u0105cych niezawodnej wydajno\u015bci w pasmach od niskich do \u015brednich cz\u0119stotliwo\u015bci.<\/p>","protected":false},"excerpt":{"rendered":"<p>9 kHz &#8211; 30 MHz Active Monopole Antenna<\/p>","protected":false},"featured_media":7348,"comment_status":"closed","ping_status":"closed","template":"","meta":{"_acf_changed":false,"slim_seo":{"title":"TBMA5B - YOTAVIS AG","description":"9 kHz - 30 MHz Aktywna antena monopolowa"}},"product_brand":[645],"product_cat":[526,527],"product_tag":[],"class_list":{"0":"post-6698","1":"product","2":"type-product","3":"status-publish","4":"has-post-thumbnail","6":"product_brand-tekbox","7":"product_cat-accessories","8":"product_cat-antenna-en","9":"pa_connector-type-n","11":"first","12":"instock","13":"taxable","14":"shipping-taxable","15":"purchasable","16":"product-type-simple"},"acf":[],"_links":{"self":[{"href":"https:\/\/yotavis.ch\/pl\/wp-json\/wp\/v2\/product\/6698","targetHints":{"allow":["GET"]}}],"collection":[{"href":"https:\/\/yotavis.ch\/pl\/wp-json\/wp\/v2\/product"}],"about":[{"href":"https:\/\/yotavis.ch\/pl\/wp-json\/wp\/v2\/types\/product"}],"replies":[{"embeddable":true,"href":"https:\/\/yotavis.ch\/pl\/wp-json\/wp\/v2\/comments?post=6698"}],"wp:featuredmedia":[{"embeddable":true,"href":"https:\/\/yotavis.ch\/pl\/wp-json\/wp\/v2\/media\/7348"}],"wp:attachment":[{"href":"https:\/\/yotavis.ch\/pl\/wp-json\/wp\/v2\/media?parent=6698"}],"wp:term":[{"taxonomy":"product_brand","embeddable":true,"href":"https:\/\/yotavis.ch\/pl\/wp-json\/wp\/v2\/product_brand?post=6698"},{"taxonomy":"product_cat","embeddable":true,"href":"https:\/\/yotavis.ch\/pl\/wp-json\/wp\/v2\/product_cat?post=6698"},{"taxonomy":"product_tag","embeddable":true,"href":"https:\/\/yotavis.ch\/pl\/wp-json\/wp\/v2\/product_tag?post=6698"}],"curies":[{"name":"wp","href":"https:\/\/api.w.org\/{rel}","templated":true}]}}