{"id":6770,"date":"2025-10-09T00:00:00","date_gmt":"2025-10-08T22:00:00","guid":{"rendered":"https:\/\/yotavis.ch\/product\/awg-1104\/"},"modified":"2026-04-24T13:35:43","modified_gmt":"2026-04-24T11:35:43","slug":"awg-1104","status":"publish","type":"product","link":"https:\/\/yotavis.ch\/pl\/produkt\/awg-1104\/","title":{"rendered":"AWG-1104"},"content":{"rendered":"<p>AWG-1104 firmy Active Technologies to 4-kana\u0142owy generator przebieg\u00f3w arbitralnych o maksymalnej cz\u0119stotliwo\u015bci 125 MHz. Oferuje cz\u0119stotliwo\u015b\u0107 pr\u00f3bkowania 250 MSa\/s i g\u0142\u0119boko\u015b\u0107 pami\u0119ci 2 Mpts, umo\u017cliwiaj\u0105c szczeg\u00f3\u0142owe generowanie i przechowywanie przebieg\u00f3w. Urz\u0105dzenie obs\u0142uguje funkcje sweep i burst, co zwi\u0119ksza jego wszechstronno\u015b\u0107 w generowaniu sygna\u0142\u00f3w. Minimalny czas przej\u015bcia wynosi 3,5 ns, a minimalna szeroko\u015b\u0107 impulsu 10 ns, co umo\u017cliwia precyzyjn\u0105 kontrol\u0119 nad taktowaniem sygna\u0142u. Amplituda mo\u017ce osi\u0105gn\u0105\u0107 do 12 V, zapewniaj\u0105c zakres odpowiedni do r\u00f3\u017cnych zastosowa\u0144 testowych i rozwojowych. Ten generator przebieg\u00f3w zosta\u0142 zaprojektowany w celu zapewnienia dok\u0142adnego i elastycznego sygna\u0142u wyj\u015bciowego dla szeregu potrzeb testowania elektroniki.<\/p>","protected":false},"excerpt":{"rendered":"<p>4CH &#8211; 250MSa\/s &#8211; 2MSa Memory Arbitrary Waveform Generator<\/p>","protected":false},"featured_media":7786,"comment_status":"closed","ping_status":"closed","template":"","meta":{"_acf_changed":false,"slim_seo":{"title":"AWG-1104 - YOTAVIS AG","description":"4-kana\u0142owy generator przebieg\u00f3w arbitralnych z pami\u0119ci\u0105 250MSa\/s - 2MSa"}},"product_brand":[657],"product_cat":[1189,541,513],"product_tag":[],"class_list":{"0":"post-6770","1":"product","2":"type-product","3":"status-publish","4":"has-post-thumbnail","6":"product_brand-active-technologies","7":"product_cat-afg","8":"product_cat-awg","9":"product_cat-generator","10":"pa_amplitude-v-653","11":"pa_burst-yes","12":"pa_channels-338","13":"pa_frequency-mhz-652","14":"pa_memory-mpts-654","15":"pa_pulse-width-min-ns-656","16":"pa_sampling-rate-ms-s-122","17":"pa_sweep-yes","18":"pa_transition-time-min-ns-3-5","19":"pa_vertical-resolution-bits-125","21":"first","22":"instock","23":"taxable","24":"shipping-taxable","25":"product-type-simple"},"acf":[],"_links":{"self":[{"href":"https:\/\/yotavis.ch\/pl\/wp-json\/wp\/v2\/product\/6770","targetHints":{"allow":["GET"]}}],"collection":[{"href":"https:\/\/yotavis.ch\/pl\/wp-json\/wp\/v2\/product"}],"about":[{"href":"https:\/\/yotavis.ch\/pl\/wp-json\/wp\/v2\/types\/product"}],"replies":[{"embeddable":true,"href":"https:\/\/yotavis.ch\/pl\/wp-json\/wp\/v2\/comments?post=6770"}],"wp:featuredmedia":[{"embeddable":true,"href":"https:\/\/yotavis.ch\/pl\/wp-json\/wp\/v2\/media\/7786"}],"wp:attachment":[{"href":"https:\/\/yotavis.ch\/pl\/wp-json\/wp\/v2\/media?parent=6770"}],"wp:term":[{"taxonomy":"product_brand","embeddable":true,"href":"https:\/\/yotavis.ch\/pl\/wp-json\/wp\/v2\/product_brand?post=6770"},{"taxonomy":"product_cat","embeddable":true,"href":"https:\/\/yotavis.ch\/pl\/wp-json\/wp\/v2\/product_cat?post=6770"},{"taxonomy":"product_tag","embeddable":true,"href":"https:\/\/yotavis.ch\/pl\/wp-json\/wp\/v2\/product_tag?post=6770"}],"curies":[{"name":"wp","href":"https:\/\/api.w.org\/{rel}","templated":true}]}}