{"id":6774,"date":"2025-10-09T00:00:00","date_gmt":"2025-10-08T22:00:00","guid":{"rendered":"https:\/\/yotavis.ch\/product\/at-1212\/"},"modified":"2026-04-24T13:35:46","modified_gmt":"2026-04-24T11:35:46","slug":"at-1212","status":"publish","type":"product","link":"https:\/\/yotavis.ch\/pl\/produkt\/at-1212\/","title":{"rendered":"AT-1212"},"content":{"rendered":"<p>AT-1212 firmy Active Technologies to 2-kana\u0142owy generator sygna\u0142u Flex-RIO zaprojektowany do pracy z cz\u0119stotliwo\u015bci\u0105 480 MHz. Charakteryzuje si\u0119 cz\u0119stotliwo\u015bci\u0105 pr\u00f3bkowania 1,25 GS\/s (1250 MS\/s) i oferuje rozdzielczo\u015b\u0107 pionow\u0105 14 bit\u00f3w. Modu\u0142 zapewnia amplitud\u0119 wyj\u015bciow\u0105 4 V i obs\u0142uguje minimalny czas przej\u015bcia 0,5 ns. Urz\u0105dzenie to nadaje si\u0119 do zastosowa\u0144 wymagaj\u0105cych precyzyjnego generowania sygna\u0142\u00f3w z wysok\u0105 cz\u0119stotliwo\u015bci\u0105 pr\u00f3bkowania i dok\u0142adn\u0105 rozdzielczo\u015bci\u0105. Jego konstrukcja umo\u017cliwia integracj\u0119 z systemami Flex-RIO, u\u0142atwiaj\u0105c zaawansowane zadania przetwarzania sygna\u0142\u00f3w. Po\u0142\u0105czenie mo\u017cliwo\u015bci w zakresie cz\u0119stotliwo\u015bci i amplitudy wyj\u015bciowej sprawia, \u017ce jest to wszechstronny komponent do r\u00f3\u017cnych test\u00f3w elektronicznych i konfiguracji pomiarowych.<\/p>","protected":false},"excerpt":{"rendered":"<p>2Ch &#8211; 1.25Gs\/s &#8211; 14bit signal generator Flex-RIO adapter Module<\/p>","protected":false},"featured_media":7800,"comment_status":"closed","ping_status":"closed","template":"","meta":{"_acf_changed":false,"slim_seo":{"title":"AT-1212 - YOTAVIS AG","description":"2Ch - 1.25Gs\/s - 14-bitowy generator sygna\u0142u Modu\u0142 adaptera Flex-RIO"}},"product_brand":[657],"product_cat":[513],"product_tag":[],"class_list":{"0":"post-6774","1":"product","2":"type-product","3":"status-publish","4":"has-post-thumbnail","6":"product_brand-active-technologies","7":"product_cat-generator","8":"pa_amplitude-v-666","9":"pa_burst-no","10":"pa_channels-350","11":"pa_frequency-mhz-665","12":"pa_sampling-rate-ms-s-667","13":"pa_sweep-no","14":"pa_transition-time-min-ns-0-5","15":"pa_vertical-resolution-bits-113","17":"first","18":"instock","19":"taxable","20":"shipping-taxable","21":"product-type-simple"},"acf":[],"_links":{"self":[{"href":"https:\/\/yotavis.ch\/pl\/wp-json\/wp\/v2\/product\/6774","targetHints":{"allow":["GET"]}}],"collection":[{"href":"https:\/\/yotavis.ch\/pl\/wp-json\/wp\/v2\/product"}],"about":[{"href":"https:\/\/yotavis.ch\/pl\/wp-json\/wp\/v2\/types\/product"}],"replies":[{"embeddable":true,"href":"https:\/\/yotavis.ch\/pl\/wp-json\/wp\/v2\/comments?post=6774"}],"wp:featuredmedia":[{"embeddable":true,"href":"https:\/\/yotavis.ch\/pl\/wp-json\/wp\/v2\/media\/7800"}],"wp:attachment":[{"href":"https:\/\/yotavis.ch\/pl\/wp-json\/wp\/v2\/media?parent=6774"}],"wp:term":[{"taxonomy":"product_brand","embeddable":true,"href":"https:\/\/yotavis.ch\/pl\/wp-json\/wp\/v2\/product_brand?post=6774"},{"taxonomy":"product_cat","embeddable":true,"href":"https:\/\/yotavis.ch\/pl\/wp-json\/wp\/v2\/product_cat?post=6774"},{"taxonomy":"product_tag","embeddable":true,"href":"https:\/\/yotavis.ch\/pl\/wp-json\/wp\/v2\/product_tag?post=6774"}],"curies":[{"name":"wp","href":"https:\/\/api.w.org\/{rel}","templated":true}]}}