{"id":6776,"date":"2025-10-09T00:00:00","date_gmt":"2025-10-08T22:00:00","guid":{"rendered":"https:\/\/yotavis.ch\/product\/pg-1074\/"},"modified":"2026-04-24T13:35:49","modified_gmt":"2026-04-24T11:35:49","slug":"pg-1074","status":"publish","type":"product","link":"https:\/\/yotavis.ch\/pl\/produkt\/pg-1074\/","title":{"rendered":"PG-1074"},"content":{"rendered":"<p>PG-1074 firmy Active Technologies to generator impuls\u00f3w z czterema kana\u0142ami o cz\u0119stotliwo\u015bci 800 MHz i amplitudzie 5 wolt\u00f3w. Dostarcza impulsy o minimalnym czasie przej\u015bcia 0,07 nanosekundy i minimalnej szeroko\u015bci impulsu 0,3 nanosekundy. Urz\u0105dzenie to zosta\u0142o zaprojektowane w celu zapewnienia precyzyjnego taktowania i generowania sygna\u0142\u00f3w dla r\u00f3\u017cnych aplikacji wymagaj\u0105cych szybkich czas\u00f3w zboczy i stabilnego napi\u0119cia wyj\u015bciowego. Generator impuls\u00f3w dzia\u0142a na poziomie napi\u0119cia 5 V, zapewniaj\u0105c sta\u0142\u0105 amplitud\u0119 sygna\u0142u we wszystkich kana\u0142ach. Jego specyfikacje podkre\u015blaj\u0105 zdolno\u015b\u0107 do generowania impuls\u00f3w o ostrych kraw\u0119dziach, dzi\u0119ki czemu nadaje si\u0119 do szybkich test\u00f3w elektronicznych i zada\u0144 pomiarowych. Po\u0142\u0105czenie parametr\u00f3w cz\u0119stotliwo\u015bci i czasu przej\u015bcia pozwala na szczeg\u00f3\u0142ow\u0105 kontrol\u0119 nad charakterystyk\u0105 impulsu. Model ten jest cz\u0119\u015bci\u0105 gamy przyrz\u0105d\u00f3w elektronicznych Active Technologies przeznaczonych do niezawodnego i dok\u0142adnego generowania impuls\u00f3w.<\/p>","protected":false},"excerpt":{"rendered":"<p>4-kana\u0142owy generator impuls\u00f3w Czas zbocza 70 ps 5 V<\/p>","protected":false},"featured_media":7807,"comment_status":"closed","ping_status":"closed","template":"","meta":{"_acf_changed":false,"slim_seo":{"title":"PG-1074 - YOTAVIS AG","description":"4-kana\u0142owy generator impuls\u00f3w Czas zbocza 70 ps 5 V"}},"product_brand":[657],"product_cat":[513,671],"product_tag":[],"class_list":{"0":"post-6776","1":"product","2":"type-product","3":"status-publish","4":"has-post-thumbnail","6":"product_brand-active-technologies","7":"product_cat-generator","8":"product_cat-pulse-generator","9":"pa_amplitude-v-668","10":"pa_channels-338","11":"pa_frequency-mhz-658","12":"pa_pulse-width-min-ns-0-3","13":"pa_transition-time-min-ns-0-07","15":"first","16":"instock","17":"taxable","18":"shipping-taxable","19":"product-type-simple"},"acf":[],"_links":{"self":[{"href":"https:\/\/yotavis.ch\/pl\/wp-json\/wp\/v2\/product\/6776","targetHints":{"allow":["GET"]}}],"collection":[{"href":"https:\/\/yotavis.ch\/pl\/wp-json\/wp\/v2\/product"}],"about":[{"href":"https:\/\/yotavis.ch\/pl\/wp-json\/wp\/v2\/types\/product"}],"replies":[{"embeddable":true,"href":"https:\/\/yotavis.ch\/pl\/wp-json\/wp\/v2\/comments?post=6776"}],"wp:featuredmedia":[{"embeddable":true,"href":"https:\/\/yotavis.ch\/pl\/wp-json\/wp\/v2\/media\/7807"}],"wp:attachment":[{"href":"https:\/\/yotavis.ch\/pl\/wp-json\/wp\/v2\/media?parent=6776"}],"wp:term":[{"taxonomy":"product_brand","embeddable":true,"href":"https:\/\/yotavis.ch\/pl\/wp-json\/wp\/v2\/product_brand?post=6776"},{"taxonomy":"product_cat","embeddable":true,"href":"https:\/\/yotavis.ch\/pl\/wp-json\/wp\/v2\/product_cat?post=6776"},{"taxonomy":"product_tag","embeddable":true,"href":"https:\/\/yotavis.ch\/pl\/wp-json\/wp\/v2\/product_tag?post=6776"}],"curies":[{"name":"wp","href":"https:\/\/api.w.org\/{rel}","templated":true}]}}