{"id":6787,"date":"2025-10-09T00:00:00","date_gmt":"2025-10-08T22:00:00","guid":{"rendered":"https:\/\/yotavis.ch\/product\/awg-7174\/"},"modified":"2026-04-24T13:35:53","modified_gmt":"2026-04-24T11:35:53","slug":"awg-7174","status":"publish","type":"product","link":"https:\/\/yotavis.ch\/pl\/produkt\/awg-7174\/","title":{"rendered":"AWG-7174"},"content":{"rendered":"<p>AWG-7174 od Active Technologies posiada 4-kana\u0142ow\u0105 konfiguracj\u0119 z maksymaln\u0105 cz\u0119stotliwo\u015bci\u0105 pr\u00f3bkowania 17 GS\/s, umo\u017cliwiaj\u0105c generowanie sygna\u0142\u00f3w z du\u017c\u0105 pr\u0119dko\u015bci\u0105. Oferuje cz\u0119stotliwo\u015b\u0107 do 6,5 GHz i g\u0142\u0119boko\u015b\u0107 pami\u0119ci wynosz\u0105c\u0105 9000 Mpts, obs\u0142uguj\u0105c obszerne przechowywanie przebieg\u00f3w. Urz\u0105dzenie zapewnia wyj\u015bcie single-ended o amplitudzie 5 Vpp, odpowiednie do r\u00f3\u017cnych zastosowa\u0144 testowych. Obs\u0142uguje zar\u00f3wno tryby przemiatania, jak i burst, umo\u017cliwiaj\u0105c wszechstronn\u0105 modulacj\u0119 sygna\u0142u. Minimalny czas przej\u015bcia wynosi 0,12 ns, a minimalna szeroko\u015b\u0107 impulsu 0,15 ns, co u\u0142atwia precyzyjn\u0105 kontrol\u0119 taktowania. Dzi\u0119ki pojemno\u015bci pami\u0119ci wynosz\u0105cej 9 Gpts lub 589 Kpts, AWG-7174 zosta\u0142 zaprojektowany do wydajnej obs\u0142ugi z\u0142o\u017conych sekwencji przebieg\u00f3w. Ta kombinacja funkcji sprawia, \u017ce nadaje si\u0119 on do zaawansowanych test\u00f3w elektronicznych i zada\u0144 rozwojowych.<\/p>","protected":false},"excerpt":{"rendered":"<p>4CH &#8211; 17\u00a0\u00a0GS\/s &#8211; 8.5 GHz &#8211; 9 Gpts \/ 589 Kpts Memory &#8211; 5Vpp\u00a0\u00a0single ended output<\/p>","protected":false},"featured_media":7821,"comment_status":"closed","ping_status":"closed","template":"","meta":{"_acf_changed":false,"slim_seo":{"title":"AWG-7174 - YOTAVIS AG","description":"4CH - 17 GS\/s - 8,5 GHz - 9 Gpts \/ 589 Kpts pami\u0119ci - 5Vpp wyj\u015bcie single ended"}},"product_brand":[657],"product_cat":[541,513],"product_tag":[],"class_list":{"0":"post-6787","1":"product","2":"type-product","3":"status-publish","4":"has-post-thumbnail","6":"product_brand-active-technologies","7":"product_cat-awg","8":"product_cat-generator","9":"pa_amplitude-v-668","10":"pa_burst-yes","11":"pa_channels-338","12":"pa_frequency-mhz-674","13":"pa_memory-mpts-676","14":"pa_pulse-width-min-ns-0-15","15":"pa_sampling-rate-ms-s-680","16":"pa_sweep-yes","17":"pa_transition-time-min-ns-0-12","18":"pa_vertical-resolution-bits-113","20":"first","21":"instock","22":"taxable","23":"shipping-taxable","24":"product-type-simple"},"acf":[],"_links":{"self":[{"href":"https:\/\/yotavis.ch\/pl\/wp-json\/wp\/v2\/product\/6787","targetHints":{"allow":["GET"]}}],"collection":[{"href":"https:\/\/yotavis.ch\/pl\/wp-json\/wp\/v2\/product"}],"about":[{"href":"https:\/\/yotavis.ch\/pl\/wp-json\/wp\/v2\/types\/product"}],"replies":[{"embeddable":true,"href":"https:\/\/yotavis.ch\/pl\/wp-json\/wp\/v2\/comments?post=6787"}],"wp:featuredmedia":[{"embeddable":true,"href":"https:\/\/yotavis.ch\/pl\/wp-json\/wp\/v2\/media\/7821"}],"wp:attachment":[{"href":"https:\/\/yotavis.ch\/pl\/wp-json\/wp\/v2\/media?parent=6787"}],"wp:term":[{"taxonomy":"product_brand","embeddable":true,"href":"https:\/\/yotavis.ch\/pl\/wp-json\/wp\/v2\/product_brand?post=6787"},{"taxonomy":"product_cat","embeddable":true,"href":"https:\/\/yotavis.ch\/pl\/wp-json\/wp\/v2\/product_cat?post=6787"},{"taxonomy":"product_tag","embeddable":true,"href":"https:\/\/yotavis.ch\/pl\/wp-json\/wp\/v2\/product_tag?post=6787"}],"curies":[{"name":"wp","href":"https:\/\/api.w.org\/{rel}","templated":true}]}}