{"id":6812,"date":"2025-10-09T00:00:00","date_gmt":"2025-10-08T22:00:00","guid":{"rendered":"https:\/\/yotavis.ch\/product\/awg-5068-pat\/"},"modified":"2026-04-24T13:36:19","modified_gmt":"2026-04-24T11:36:19","slug":"awg-5068-pat","status":"publish","type":"product","link":"https:\/\/yotavis.ch\/pl\/produkt\/awg-5068-pat\/","title":{"rendered":"AWG-5068-PAT"},"content":{"rendered":"<p>AWG-5068-PAT to 8-kana\u0142owy generator wzorc\u00f3w szeregowych przeznaczony do u\u017cytku z modelami AWG-5068 i AWG-5068D. Wyprodukowany przez Active Technologies, produkt ten zwi\u0119ksza mo\u017cliwo\u015bci kompatybilnych urz\u0105dze\u0144, zapewniaj\u0105c dodatkow\u0105 funkcjonalno\u015b\u0107 generowania wzorc\u00f3w. Jest on specjalnie dostosowany do obs\u0142ugi aplikacji danych szeregowych, umo\u017cliwiaj\u0105c generowanie z\u0142o\u017conych sygna\u0142\u00f3w na wielu kana\u0142ach jednocze\u015bnie. Integracja tej opcji umo\u017cliwia u\u017cytkownikom rozszerzenie proces\u00f3w testowania i rozwoju poprzez w\u0142\u0105czenie precyzyjnych i zsynchronizowanych wyj\u015b\u0107 wzorc\u00f3w. To akcesorium jest niezb\u0119dne dla u\u017cytkownik\u00f3w wymagaj\u0105cych zaawansowanego generowania wzorc\u00f3w szeregowych w swoich przep\u0142ywach pracy. Jego konstrukcja zapewnia kompatybilno\u015b\u0107 i bezproblemowe dzia\u0142anie z okre\u015blonymi modelami podstawowymi, co czyni go praktycznym dodatkiem dla os\u00f3b korzystaj\u0105cych z serii AWG-5068. AWG-5068-PAT s\u0142u\u017cy jako wyspecjalizowane narz\u0119dzie w ramach szerszej gamy urz\u0105dze\u0144 do generowania sygna\u0142\u00f3w oferowanych przez Active Technologies.<\/p>","protected":false},"excerpt":{"rendered":"<p>Opcja 8-kana\u0142owego generatora wzorc\u00f3w szeregowych dla AWG-5068 i AWG-5068D<\/p>","protected":false},"featured_media":7834,"comment_status":"closed","ping_status":"closed","template":"","meta":{"_acf_changed":false,"slim_seo":{"title":"AWG-5068-PAT - YOTAVIS AG","description":"Opcja 8-kana\u0142owego generatora wzorc\u00f3w szeregowych dla AWG-5068 i AWG-5068D"}},"product_brand":[657],"product_cat":[526,651],"product_tag":[],"class_list":{"0":"post-6812","1":"product","2":"type-product","3":"status-publish","4":"has-post-thumbnail","6":"product_brand-active-technologies","7":"product_cat-accessories","8":"product_cat-software","10":"first","11":"instock","12":"taxable","13":"shipping-taxable","14":"product-type-simple"},"acf":[],"_links":{"self":[{"href":"https:\/\/yotavis.ch\/pl\/wp-json\/wp\/v2\/product\/6812","targetHints":{"allow":["GET"]}}],"collection":[{"href":"https:\/\/yotavis.ch\/pl\/wp-json\/wp\/v2\/product"}],"about":[{"href":"https:\/\/yotavis.ch\/pl\/wp-json\/wp\/v2\/types\/product"}],"replies":[{"embeddable":true,"href":"https:\/\/yotavis.ch\/pl\/wp-json\/wp\/v2\/comments?post=6812"}],"wp:featuredmedia":[{"embeddable":true,"href":"https:\/\/yotavis.ch\/pl\/wp-json\/wp\/v2\/media\/7834"}],"wp:attachment":[{"href":"https:\/\/yotavis.ch\/pl\/wp-json\/wp\/v2\/media?parent=6812"}],"wp:term":[{"taxonomy":"product_brand","embeddable":true,"href":"https:\/\/yotavis.ch\/pl\/wp-json\/wp\/v2\/product_brand?post=6812"},{"taxonomy":"product_cat","embeddable":true,"href":"https:\/\/yotavis.ch\/pl\/wp-json\/wp\/v2\/product_cat?post=6812"},{"taxonomy":"product_tag","embeddable":true,"href":"https:\/\/yotavis.ch\/pl\/wp-json\/wp\/v2\/product_tag?post=6812"}],"curies":[{"name":"wp","href":"https:\/\/api.w.org\/{rel}","templated":true}]}}