{"id":6838,"date":"2025-10-09T00:00:00","date_gmt":"2025-10-08T22:00:00","guid":{"rendered":"https:\/\/yotavis.ch\/product\/awg-4012-hv\/"},"modified":"2026-04-24T13:36:33","modified_gmt":"2026-04-24T11:36:33","slug":"awg-4012-hv","status":"publish","type":"product","link":"https:\/\/yotavis.ch\/pl\/produkt\/awg-4012-hv\/","title":{"rendered":"AWG-4012-HV"},"content":{"rendered":"<p>AWG-4012-HV firmy Active Technologies zapewnia wysokie napi\u0119cie wyj\u015bciowe o warto\u015bci mi\u0119dzyszczytowej 12V na 50-omowym obci\u0105\u017ceniu specjalnie zaprojektowanym dla modelu AWG-4012.<\/p>","protected":false},"excerpt":{"rendered":"<p>Wyj\u015bcie wysokiego napi\u0119cia (12Vpp na 50ohm) dla AWG-4012<\/p>","protected":false},"featured_media":7843,"comment_status":"closed","ping_status":"closed","template":"","meta":{"_acf_changed":false,"slim_seo":{"title":"AWG-4012-HV - YOTAVIS AG","description":"Wyj\u015bcie wysokiego napi\u0119cia (12Vpp na 50ohm) dla AWG-4012"}},"product_brand":[657],"product_cat":[526,651],"product_tag":[],"class_list":{"0":"post-6838","1":"product","2":"type-product","3":"status-publish","4":"has-post-thumbnail","6":"product_brand-active-technologies","7":"product_cat-accessories","8":"product_cat-software","10":"first","11":"instock","12":"taxable","13":"shipping-taxable","14":"product-type-simple"},"acf":[],"_links":{"self":[{"href":"https:\/\/yotavis.ch\/pl\/wp-json\/wp\/v2\/product\/6838","targetHints":{"allow":["GET"]}}],"collection":[{"href":"https:\/\/yotavis.ch\/pl\/wp-json\/wp\/v2\/product"}],"about":[{"href":"https:\/\/yotavis.ch\/pl\/wp-json\/wp\/v2\/types\/product"}],"replies":[{"embeddable":true,"href":"https:\/\/yotavis.ch\/pl\/wp-json\/wp\/v2\/comments?post=6838"}],"wp:featuredmedia":[{"embeddable":true,"href":"https:\/\/yotavis.ch\/pl\/wp-json\/wp\/v2\/media\/7843"}],"wp:attachment":[{"href":"https:\/\/yotavis.ch\/pl\/wp-json\/wp\/v2\/media?parent=6838"}],"wp:term":[{"taxonomy":"product_brand","embeddable":true,"href":"https:\/\/yotavis.ch\/pl\/wp-json\/wp\/v2\/product_brand?post=6838"},{"taxonomy":"product_cat","embeddable":true,"href":"https:\/\/yotavis.ch\/pl\/wp-json\/wp\/v2\/product_cat?post=6838"},{"taxonomy":"product_tag","embeddable":true,"href":"https:\/\/yotavis.ch\/pl\/wp-json\/wp\/v2\/product_tag?post=6838"}],"curies":[{"name":"wp","href":"https:\/\/api.w.org\/{rel}","templated":true}]}}