{"id":9843,"date":"2025-10-09T00:00:00","date_gmt":"2025-10-08T22:00:00","guid":{"rendered":"https:\/\/yotavis.ch\/product\/bnc-pcx-7421\/"},"modified":"2026-04-24T13:37:11","modified_gmt":"2026-04-24T11:37:11","slug":"bnc-pcx-7421","status":"publish","type":"product","link":"https:\/\/yotavis.ch\/pl\/produkt\/bnc-pcx-7421\/","title":{"rendered":"BNC PCX-7421"},"content":{"rendered":"<p>BNC PCX-7421 to generator impuls\u00f3w pr\u0105dowych zaprojektowany przez firm\u0119 BNC. Jest on oznaczony numerem modelu PCX-7421 i jest specjalnie przeznaczony do generowania impuls\u00f3w pr\u0105dowych. Produkt jest cz\u0119\u015bci\u0105 gamy sprz\u0119tu elektronicznego BNC i s\u0142u\u017cy do zastosowa\u0144 wymagaj\u0105cych precyzyjnego generowania impuls\u00f3w pr\u0105dowych. Dla tego modelu nie podano \u017cadnych dodatkowych specyfikacji, takich jak moc, napi\u0119cie, pr\u0105d, cz\u0119stotliwo\u015b\u0107 lub inne parametry techniczne. Konstrukcja i funkcjonalno\u015b\u0107 urz\u0105dzenia koncentruje si\u0119 na dostarczaniu impuls\u00f3w pr\u0105dowych, kt\u00f3re s\u0105 niezb\u0119dne w r\u00f3\u017cnych scenariuszach testowych i pomiarowych. BNC PCX-7421 to wyspecjalizowany przyrz\u0105d w ofercie BNC, przeznaczony dla u\u017cytkownik\u00f3w, kt\u00f3rzy potrzebuj\u0105 niezawodnych mo\u017cliwo\u015bci generowania impuls\u00f3w pr\u0105dowych.<\/p>","protected":false},"excerpt":{"rendered":"<p>Generator impuls\u00f3w pr\u0105dowych BNC PCX-7421<\/p>","protected":false},"featured_media":10338,"comment_status":"closed","ping_status":"closed","template":"","meta":{"_acf_changed":false,"slim_seo":{"title":"BNC PCX-7421 - YOTAVIS AG","description":"Generator impuls\u00f3w pr\u0105dowych BNC PCX-7421"}},"product_brand":[1202],"product_cat":[513,750],"product_tag":[],"class_list":{"0":"post-9843","1":"product","2":"type-product","3":"status-publish","4":"has-post-thumbnail","6":"product_brand-bnc","7":"product_cat-generator","8":"product_cat-others-generator","10":"first","11":"instock","12":"taxable","13":"shipping-taxable","14":"product-type-simple"},"acf":[],"_links":{"self":[{"href":"https:\/\/yotavis.ch\/pl\/wp-json\/wp\/v2\/product\/9843","targetHints":{"allow":["GET"]}}],"collection":[{"href":"https:\/\/yotavis.ch\/pl\/wp-json\/wp\/v2\/product"}],"about":[{"href":"https:\/\/yotavis.ch\/pl\/wp-json\/wp\/v2\/types\/product"}],"replies":[{"embeddable":true,"href":"https:\/\/yotavis.ch\/pl\/wp-json\/wp\/v2\/comments?post=9843"}],"wp:featuredmedia":[{"embeddable":true,"href":"https:\/\/yotavis.ch\/pl\/wp-json\/wp\/v2\/media\/10338"}],"wp:attachment":[{"href":"https:\/\/yotavis.ch\/pl\/wp-json\/wp\/v2\/media?parent=9843"}],"wp:term":[{"taxonomy":"product_brand","embeddable":true,"href":"https:\/\/yotavis.ch\/pl\/wp-json\/wp\/v2\/product_brand?post=9843"},{"taxonomy":"product_cat","embeddable":true,"href":"https:\/\/yotavis.ch\/pl\/wp-json\/wp\/v2\/product_cat?post=9843"},{"taxonomy":"product_tag","embeddable":true,"href":"https:\/\/yotavis.ch\/pl\/wp-json\/wp\/v2\/product_tag?post=9843"}],"curies":[{"name":"wp","href":"https:\/\/api.w.org\/{rel}","templated":true}]}}