{"id":9857,"date":"2025-10-09T00:00:00","date_gmt":"2025-10-08T22:00:00","guid":{"rendered":"https:\/\/yotavis.ch\/product\/ms2850a-047\/"},"modified":"2026-04-24T13:37:25","modified_gmt":"2026-04-24T11:37:25","slug":"ms2850a-047","status":"publish","type":"product","link":"https:\/\/yotavis.ch\/pl\/produkt\/ms2850a-047\/","title":{"rendered":"MS2850A-047"},"content":{"rendered":"<p>Anritsu MS2850A-047 to analizator sygna\u0142u zaprojektowany do pracy w zakresie cz\u0119stotliwo\u015bci od 9 kHz do 32 GHz, dzi\u0119ki czemu nadaje si\u0119 do szerokiej gamy zastosowa\u0144 analizy sygna\u0142u. Charakteryzuje si\u0119 specyfikacj\u0105 szumu fazowego na poziomie -130 dBc\/Hz, co wskazuje na jego zdolno\u015b\u0107 do precyzyjnego pomiaru czysto\u015bci sygna\u0142u. Urz\u0105dzenie obs\u0142uguje pasmo analizy 1000 MHz, pozwalaj\u0105c na szczeg\u00f3\u0142owe badanie sk\u0142adowych sygna\u0142u w tym zakresie. Wy\u015bwietlany \u015bredni poziom szum\u00f3w (DANL) wynosi -142 dBm\/Hz, co odzwierciedla jego wra\u017cliwo\u015b\u0107 na sygna\u0142y o niskim poziomie. Maksymalna obs\u0142ugiwana cz\u0119stotliwo\u015b\u0107 wynosi 32 000 MHz, a minimalna 9 000 Hz. Model ten nie jest r\u0119czny, co oznacza, \u017ce jest przeznaczony do u\u017cytku stacjonarnego w \u015brodowiskach laboratoryjnych lub przemys\u0142owych. MS2850A-047 nie posiada funkcji analizy widma w czasie rzeczywistym (RTSA). Specyfikacje te podkre\u015blaj\u0105 nacisk przyrz\u0105du na analiz\u0119 sygna\u0142\u00f3w o wysokiej cz\u0119stotliwo\u015bci z szerokim pasmem i niskim poziomem szum\u00f3w.<\/p>","protected":false},"excerpt":{"rendered":"<p>Analizator sygna\u0142u od 9 kHz do 32 GHz<\/p>","protected":false},"featured_media":10172,"comment_status":"closed","ping_status":"closed","template":"","meta":{"_acf_changed":false,"slim_seo":{"title":"MS2850A-047 - YOTAVIS AG","description":"Analizator sygna\u0142u od 9 kHz do 32 GHz"}},"product_brand":[758],"product_cat":[523,524],"product_tag":[],"class_list":{"0":"post-9857","1":"product","2":"type-product","3":"status-publish","4":"has-post-thumbnail","6":"product_brand-anritsu","7":"product_cat-analyser","8":"product_cat-signal-spectrum-analyser","9":"pa_analysis-bandwidth-mhz-760","10":"pa_danl-dbm-hz-761","11":"pa_frequency-max-mhz-759","12":"pa_frequency-min-hz-177","13":"pa_handheld-no","14":"pa_rtsa-no","16":"first","17":"instock","18":"taxable","19":"shipping-taxable","20":"product-type-simple"},"acf":[],"_links":{"self":[{"href":"https:\/\/yotavis.ch\/pl\/wp-json\/wp\/v2\/product\/9857","targetHints":{"allow":["GET"]}}],"collection":[{"href":"https:\/\/yotavis.ch\/pl\/wp-json\/wp\/v2\/product"}],"about":[{"href":"https:\/\/yotavis.ch\/pl\/wp-json\/wp\/v2\/types\/product"}],"replies":[{"embeddable":true,"href":"https:\/\/yotavis.ch\/pl\/wp-json\/wp\/v2\/comments?post=9857"}],"wp:featuredmedia":[{"embeddable":true,"href":"https:\/\/yotavis.ch\/pl\/wp-json\/wp\/v2\/media\/10172"}],"wp:attachment":[{"href":"https:\/\/yotavis.ch\/pl\/wp-json\/wp\/v2\/media?parent=9857"}],"wp:term":[{"taxonomy":"product_brand","embeddable":true,"href":"https:\/\/yotavis.ch\/pl\/wp-json\/wp\/v2\/product_brand?post=9857"},{"taxonomy":"product_cat","embeddable":true,"href":"https:\/\/yotavis.ch\/pl\/wp-json\/wp\/v2\/product_cat?post=9857"},{"taxonomy":"product_tag","embeddable":true,"href":"https:\/\/yotavis.ch\/pl\/wp-json\/wp\/v2\/product_tag?post=9857"}],"curies":[{"name":"wp","href":"https:\/\/api.w.org\/{rel}","templated":true}]}}