{"id":9869,"date":"2025-10-09T00:00:00","date_gmt":"2025-10-08T22:00:00","guid":{"rendered":"https:\/\/yotavis.ch\/product\/s820e-0714\/"},"modified":"2026-04-24T13:37:33","modified_gmt":"2026-04-24T11:37:33","slug":"s820e-0714","status":"publish","type":"product","link":"https:\/\/yotavis.ch\/pl\/produkt\/s820e-0714\/","title":{"rendered":"S820E-0714"},"content":{"rendered":"<p>Anritsu S820E-0714 Microwave Site Master dzia\u0142a w zakresie cz\u0119stotliwo\u015bci od 1 MHz do 14 GHz, dzi\u0119ki czemu nadaje si\u0119 do szerokiej gamy zastosowa\u0144 testowania mikrofalowego. To r\u0119czne urz\u0105dzenie zosta\u0142o zaprojektowane w celu zapewnienia precyzyjnych pomiar\u00f3w w tym szerokim zakresie cz\u0119stotliwo\u015bci, zaczynaj\u0105c od 1 000 000 Hz i osi\u0105gaj\u0105c maksymaln\u0105 cz\u0119stotliwo\u015b\u0107 14 000 MHz. Jego przeno\u015bno\u015b\u0107 pozwala na wygodne u\u017cytkowanie w terenie, u\u0142atwiaj\u0105c analiz\u0119 na miejscu i rozwi\u0105zywanie problem\u00f3w. Konstrukcja urz\u0105dzenia wspiera wydajne testowanie mikrofalowe w terenie, zapewniaj\u0105c u\u017cytkownikom mo\u017cliwo\u015b\u0107 wykonywania zada\u0144 bez konieczno\u015bci stosowania niepor\u0119cznego sprz\u0119tu. S820E-0714 zosta\u0142 zaprojektowany tak, aby sprosta\u0107 wymaganiom profesjonalist\u00f3w potrzebuj\u0105cych niezawodnych mo\u017cliwo\u015bci pomiaru cz\u0119stotliwo\u015bci w kompaktowej obudowie. Jego zakres cz\u0119stotliwo\u015bci obejmuje szerokie spektrum, umo\u017cliwiaj\u0105c kompatybilno\u015b\u0107 z wieloma systemami mikrofalowymi i komponentami. Model ten jest cz\u0119\u015bci\u0105 linii przyrz\u0105d\u00f3w Anritsu do testowania mikrofal, znanych ze swoich specyfikacji technicznych dostosowanych do standard\u00f3w bran\u017cowych.<\/p>","protected":false},"excerpt":{"rendered":"<p>Mikrofalowy Site Master od 1 MHz do 14 GHz<\/p>","protected":false},"featured_media":10190,"comment_status":"closed","ping_status":"closed","template":"","meta":{"_acf_changed":false,"slim_seo":{"title":"S820E-0714 - YOTAVIS AG","description":"Mikrofalowy Site Master od 1 MHz do 14 GHz"}},"product_brand":[758],"product_cat":[523,768],"product_tag":[],"class_list":{"0":"post-9869","1":"product","2":"type-product","3":"status-publish","4":"has-post-thumbnail","6":"product_brand-anritsu","7":"product_cat-analyser","8":"product_cat-cable-antenna-tester","9":"pa_frequency-max-mhz-466","10":"pa_frequency-min-hz-767","11":"pa_handheld-yes","13":"first","14":"instock","15":"taxable","16":"shipping-taxable","17":"product-type-simple"},"acf":[],"_links":{"self":[{"href":"https:\/\/yotavis.ch\/pl\/wp-json\/wp\/v2\/product\/9869","targetHints":{"allow":["GET"]}}],"collection":[{"href":"https:\/\/yotavis.ch\/pl\/wp-json\/wp\/v2\/product"}],"about":[{"href":"https:\/\/yotavis.ch\/pl\/wp-json\/wp\/v2\/types\/product"}],"replies":[{"embeddable":true,"href":"https:\/\/yotavis.ch\/pl\/wp-json\/wp\/v2\/comments?post=9869"}],"wp:featuredmedia":[{"embeddable":true,"href":"https:\/\/yotavis.ch\/pl\/wp-json\/wp\/v2\/media\/10190"}],"wp:attachment":[{"href":"https:\/\/yotavis.ch\/pl\/wp-json\/wp\/v2\/media?parent=9869"}],"wp:term":[{"taxonomy":"product_brand","embeddable":true,"href":"https:\/\/yotavis.ch\/pl\/wp-json\/wp\/v2\/product_brand?post=9869"},{"taxonomy":"product_cat","embeddable":true,"href":"https:\/\/yotavis.ch\/pl\/wp-json\/wp\/v2\/product_cat?post=9869"},{"taxonomy":"product_tag","embeddable":true,"href":"https:\/\/yotavis.ch\/pl\/wp-json\/wp\/v2\/product_tag?post=9869"}],"curies":[{"name":"wp","href":"https:\/\/api.w.org\/{rel}","templated":true}]}}