{"id":9873,"date":"2025-10-09T00:00:00","date_gmt":"2025-10-08T22:00:00","guid":{"rendered":"https:\/\/yotavis.ch\/product\/s412e\/"},"modified":"2026-04-24T13:37:34","modified_gmt":"2026-04-24T11:37:34","slug":"s412e","status":"publish","type":"product","link":"https:\/\/yotavis.ch\/pl\/produkt\/s412e\/","title":{"rendered":"S412E"},"content":{"rendered":"<p>Anritsu S412E to analizator modulacji i sygna\u0142\u00f3w radiowych przeznaczony do pracy w zakresie cz\u0119stotliwo\u015bci od 9 kHz do 1,6 GHz. Charakteryzuje si\u0119 specyfikacj\u0105 szumu fazowego -100 dBc\/Hz, zapewniaj\u0105c precyzyjn\u0105 analiz\u0119 sygna\u0142u. Urz\u0105dzenie oferuje pasmo analizy 10 MHz i wy\u015bwietlany \u015bredni poziom szum\u00f3w (DANL) -152 dBm\/Hz, co umo\u017cliwia szczeg\u00f3\u0142owe badanie sygna\u0142u. Ten r\u0119czny przyrz\u0105d nadaje si\u0119 do u\u017cytku w terenie, zapewniaj\u0105c przeno\u015bno\u015b\u0107 w r\u00f3\u017cnych zastosowaniach. Jego mo\u017cliwo\u015bci cz\u0119stotliwo\u015bciowe obejmuj\u0105 szerokie spektrum, dzi\u0119ki czemu jest wszechstronny dla r\u00f3\u017cnych standard\u00f3w komunikacyjnych. S412E nie posiada funkcji analizy widma w czasie rzeczywistym (RTSA). Po\u0142\u0105czenie zakresu cz\u0119stotliwo\u015bci, szum\u00f3w fazowych i charakterystyki szum\u00f3w sprawia, \u017ce jest to specjalistyczne narz\u0119dzie do analizy modulacji i sygna\u0142\u00f3w w systemach radiokomunikacji ruchomej.<\/p>","protected":false},"excerpt":{"rendered":"<p>Analizator modulacji i sygna\u0142\u00f3w radiokomunikacji ruchomej 1,6 GHz<\/p>","protected":false},"featured_media":10197,"comment_status":"closed","ping_status":"closed","template":"","meta":{"_acf_changed":false,"slim_seo":{"title":"S412E - YOTAVIS AG","description":"Analizator modulacji i sygna\u0142\u00f3w radiokomunikacji ruchomej 1,6 GHz"}},"product_brand":[758],"product_cat":[523,524],"product_tag":[],"class_list":{"0":"post-9873","1":"product","2":"type-product","3":"status-publish","4":"has-post-thumbnail","6":"product_brand-anritsu","7":"product_cat-analyser","8":"product_cat-signal-spectrum-analyser","9":"pa_analysis-bandwidth-mhz-269","10":"pa_danl-dbm-hz-772","11":"pa_frequency-max-mhz-771","12":"pa_frequency-min-hz-177","13":"pa_handheld-yes","14":"pa_rtsa-no","16":"first","17":"instock","18":"taxable","19":"shipping-taxable","20":"product-type-simple"},"acf":[],"_links":{"self":[{"href":"https:\/\/yotavis.ch\/pl\/wp-json\/wp\/v2\/product\/9873","targetHints":{"allow":["GET"]}}],"collection":[{"href":"https:\/\/yotavis.ch\/pl\/wp-json\/wp\/v2\/product"}],"about":[{"href":"https:\/\/yotavis.ch\/pl\/wp-json\/wp\/v2\/types\/product"}],"replies":[{"embeddable":true,"href":"https:\/\/yotavis.ch\/pl\/wp-json\/wp\/v2\/comments?post=9873"}],"wp:featuredmedia":[{"embeddable":true,"href":"https:\/\/yotavis.ch\/pl\/wp-json\/wp\/v2\/media\/10197"}],"wp:attachment":[{"href":"https:\/\/yotavis.ch\/pl\/wp-json\/wp\/v2\/media?parent=9873"}],"wp:term":[{"taxonomy":"product_brand","embeddable":true,"href":"https:\/\/yotavis.ch\/pl\/wp-json\/wp\/v2\/product_brand?post=9873"},{"taxonomy":"product_cat","embeddable":true,"href":"https:\/\/yotavis.ch\/pl\/wp-json\/wp\/v2\/product_cat?post=9873"},{"taxonomy":"product_tag","embeddable":true,"href":"https:\/\/yotavis.ch\/pl\/wp-json\/wp\/v2\/product_tag?post=9873"}],"curies":[{"name":"wp","href":"https:\/\/api.w.org\/{rel}","templated":true}]}}