{"id":9886,"date":"2025-10-09T00:00:00","date_gmt":"2025-10-08T22:00:00","guid":{"rendered":"https:\/\/yotavis.ch\/product\/s331l\/"},"modified":"2026-04-24T13:37:40","modified_gmt":"2026-04-24T11:37:40","slug":"s331l","status":"publish","type":"product","link":"https:\/\/yotavis.ch\/pl\/produkt\/s331l\/","title":{"rendered":"S331L"},"content":{"rendered":"<p>Anritsu S331L to r\u0119czny analizator kabli i anten zaprojektowany do pracy w zakresie cz\u0119stotliwo\u015bci od 2 MHz do 4 GHz. Urz\u0105dzenie obs\u0142uguje pomiary od minimalnej cz\u0119stotliwo\u015bci 2 000 000 Hz do maksymalnej cz\u0119stotliwo\u015bci 4 000 MHz. Jego przeno\u015bna konstrukcja pozwala na wygodne u\u017cytkowanie w terenie, dzi\u0119ki czemu nadaje si\u0119 do r\u00f3\u017cnych \u015brodowisk testowych. Analizator zosta\u0142 zaprojektowany w celu zapewnienia dok\u0142adnych i wiarygodnych danych dla system\u00f3w kablowych i antenowych, u\u0142atwiaj\u0105c konserwacj\u0119 i rozwi\u0105zywanie problem\u00f3w. Jego kompaktowa obudowa zwi\u0119ksza u\u017cyteczno\u015b\u0107 w ciasnych lub odleg\u0142ych lokalizacjach, gdzie wi\u0119kszy sprz\u0119t mo\u017ce by\u0107 niepraktyczny. S331L jest cz\u0119\u015bci\u0105 linii produkt\u00f3w Anritsu, znanej z precyzji narz\u0119dzi pomiarowych RF. Model ten nie zawiera dodatkowych funkcji, takich jak ekran dotykowy, zdalne sterowanie czy kana\u0142y cyfrowe, skupiaj\u0105c si\u0119 na podstawowej funkcjonalno\u015bci do analizy kabli i anten.<\/p>","protected":false},"excerpt":{"rendered":"<p>Cable &#038; Antenna Analyser 4GHz<\/p>","protected":false},"featured_media":10209,"comment_status":"closed","ping_status":"closed","template":"","meta":{"_acf_changed":false,"slim_seo":{"title":"S331L - YOTAVIS AG","description":"Cable & Antenna Analyser 4GHz"}},"product_brand":[758],"product_cat":[523,768],"product_tag":[],"class_list":{"0":"post-9886","1":"product","2":"type-product","3":"status-publish","4":"has-post-thumbnail","6":"product_brand-anritsu","7":"product_cat-analyser","8":"product_cat-cable-antenna-tester","9":"pa_frequency-max-mhz-773","10":"pa_frequency-min-hz-778","11":"pa_handheld-yes","13":"first","14":"instock","15":"taxable","16":"shipping-taxable","17":"product-type-simple"},"acf":[],"_links":{"self":[{"href":"https:\/\/yotavis.ch\/pl\/wp-json\/wp\/v2\/product\/9886","targetHints":{"allow":["GET"]}}],"collection":[{"href":"https:\/\/yotavis.ch\/pl\/wp-json\/wp\/v2\/product"}],"about":[{"href":"https:\/\/yotavis.ch\/pl\/wp-json\/wp\/v2\/types\/product"}],"replies":[{"embeddable":true,"href":"https:\/\/yotavis.ch\/pl\/wp-json\/wp\/v2\/comments?post=9886"}],"wp:featuredmedia":[{"embeddable":true,"href":"https:\/\/yotavis.ch\/pl\/wp-json\/wp\/v2\/media\/10209"}],"wp:attachment":[{"href":"https:\/\/yotavis.ch\/pl\/wp-json\/wp\/v2\/media?parent=9886"}],"wp:term":[{"taxonomy":"product_brand","embeddable":true,"href":"https:\/\/yotavis.ch\/pl\/wp-json\/wp\/v2\/product_brand?post=9886"},{"taxonomy":"product_cat","embeddable":true,"href":"https:\/\/yotavis.ch\/pl\/wp-json\/wp\/v2\/product_cat?post=9886"},{"taxonomy":"product_tag","embeddable":true,"href":"https:\/\/yotavis.ch\/pl\/wp-json\/wp\/v2\/product_tag?post=9886"}],"curies":[{"name":"wp","href":"https:\/\/api.w.org\/{rel}","templated":true}]}}