{"id":9887,"date":"2025-10-09T00:00:00","date_gmt":"2025-10-08T22:00:00","guid":{"rendered":"https:\/\/yotavis.ch\/product\/s331p-0704\/"},"modified":"2026-04-24T13:37:40","modified_gmt":"2026-04-24T11:37:40","slug":"s331p-0704","status":"publish","type":"product","link":"https:\/\/yotavis.ch\/pl\/produkt\/s331p-0704\/","title":{"rendered":"S331P-0704"},"content":{"rendered":"<p>Anritsu S331P-0704 to ultraprzeno\u015bny analizator kabli i anten zaprojektowany do pracy w zakresie cz\u0119stotliwo\u015bci od 150 kHz do 4 GHz. Urz\u0105dzenie to zosta\u0142o zaprojektowane w celu zapewnienia precyzyjnej analizy kabli i anten w szerokim spektrum, dzi\u0119ki czemu nadaje si\u0119 do r\u00f3\u017cnych \u015brodowisk testowych. Przy maksymalnej cz\u0119stotliwo\u015bci 4000 MHz i minimalnej cz\u0119stotliwo\u015bci 150 000 Hz, obejmuje on szeroki zakres cz\u0119stotliwo\u015bci sygna\u0142u. Analizator nie jest r\u0119czny, co oznacza, \u017ce mo\u017ce wymaga\u0107 stabilnej konfiguracji podczas pracy. Jego kompaktowa konstrukcja podkre\u015bla przeno\u015bno\u015b\u0107 bez uszczerbku dla obs\u0142ugiwanego zakresu cz\u0119stotliwo\u015bci. S331P-0704 jest cz\u0119\u015bci\u0105 linii produkt\u00f3w Anritsu, znanej z technicznych przyrz\u0105d\u00f3w pomiarowych. Model ten nie podaje konkretnych specyfikacji mocy, napi\u0119cia, pr\u0105du czy pami\u0119ci, skupiaj\u0105c si\u0119 przede wszystkim na mo\u017cliwo\u015bciach analizy cz\u0119stotliwo\u015bci. Jest to specjalistyczne narz\u0119dzie przeznaczone dla profesjonalist\u00f3w potrzebuj\u0105cych szczeg\u00f3\u0142owej diagnostyki kabli i anten w okre\u015blonym pa\u015bmie cz\u0119stotliwo\u015bci.<\/p>","protected":false},"excerpt":{"rendered":"<p>Ultraportable cable &#038; antenna analyzer: 150 kHz to 4 GHz<\/p>","protected":false},"featured_media":10211,"comment_status":"closed","ping_status":"closed","template":"","meta":{"_acf_changed":false,"slim_seo":{"title":"S331P-0704 - YOTAVIS AG","description":"Ultraportable cable & antenna analyzer: 150 kHz to 4 GHz"}},"product_brand":[758],"product_cat":[523,768],"product_tag":[],"class_list":{"0":"post-9887","1":"product","2":"type-product","3":"status-publish","4":"has-post-thumbnail","6":"product_brand-anritsu","7":"product_cat-analyser","8":"product_cat-cable-antenna-tester","9":"pa_frequency-max-mhz-773","10":"pa_frequency-min-hz-779","11":"pa_handheld-no","13":"first","14":"instock","15":"taxable","16":"shipping-taxable","17":"product-type-simple"},"acf":[],"_links":{"self":[{"href":"https:\/\/yotavis.ch\/pl\/wp-json\/wp\/v2\/product\/9887","targetHints":{"allow":["GET"]}}],"collection":[{"href":"https:\/\/yotavis.ch\/pl\/wp-json\/wp\/v2\/product"}],"about":[{"href":"https:\/\/yotavis.ch\/pl\/wp-json\/wp\/v2\/types\/product"}],"replies":[{"embeddable":true,"href":"https:\/\/yotavis.ch\/pl\/wp-json\/wp\/v2\/comments?post=9887"}],"wp:featuredmedia":[{"embeddable":true,"href":"https:\/\/yotavis.ch\/pl\/wp-json\/wp\/v2\/media\/10211"}],"wp:attachment":[{"href":"https:\/\/yotavis.ch\/pl\/wp-json\/wp\/v2\/media?parent=9887"}],"wp:term":[{"taxonomy":"product_brand","embeddable":true,"href":"https:\/\/yotavis.ch\/pl\/wp-json\/wp\/v2\/product_brand?post=9887"},{"taxonomy":"product_cat","embeddable":true,"href":"https:\/\/yotavis.ch\/pl\/wp-json\/wp\/v2\/product_cat?post=9887"},{"taxonomy":"product_tag","embeddable":true,"href":"https:\/\/yotavis.ch\/pl\/wp-json\/wp\/v2\/product_tag?post=9887"}],"curies":[{"name":"wp","href":"https:\/\/api.w.org\/{rel}","templated":true}]}}