{"id":9896,"date":"2025-10-09T00:00:00","date_gmt":"2025-10-08T22:00:00","guid":{"rendered":"https:\/\/yotavis.ch\/product\/ms2090a-0732\/"},"modified":"2026-04-24T13:37:43","modified_gmt":"2026-04-24T11:37:43","slug":"ms2090a-0732","status":"publish","type":"product","link":"https:\/\/yotavis.ch\/pl\/produkt\/ms2090a-0732\/","title":{"rendered":"MS2090A-0732"},"content":{"rendered":"<p>MS2090A-0732 firmy Anritsu to r\u0119czny analizator widma RF o wysokiej cz\u0119stotliwo\u015bci, zdolny do pracy do 32 GHz. Charakteryzuje si\u0119 minimaln\u0105 cz\u0119stotliwo\u015bci\u0105 9 kHz i maksymaln\u0105 cz\u0119stotliwo\u015bci\u0105 32 000 MHz, dzi\u0119ki czemu nadaje si\u0119 do szerokiego zakresu zastosowa\u0144 analizy RF. Urz\u0105dzenie charakteryzuje si\u0119 szumem fazowym na poziomie -102 dBc\/Hz i szeroko\u015bci\u0105 pasma analizy wynosz\u0105c\u0105 150 MHz, co pozwala na szczeg\u00f3\u0142owe badanie sygna\u0142u. Analizator oferuje r\u00f3wnie\u017c wy\u015bwietlany \u015bredni poziom szum\u00f3w (DANL) wynosz\u0105cy -164 dBm\/Hz, co umo\u017cliwia wykrywanie sygna\u0142\u00f3w o bardzo niskim poziomie. Zosta\u0142 zaprojektowany jako przyrz\u0105d r\u0119czny, zapewniaj\u0105c przeno\u015bno\u015b\u0107 do u\u017cytku w terenie. Dodatkowo MS2090A-0732 obs\u0142uguje analiz\u0119 widma w czasie rzeczywistym (RTSA), umo\u017cliwiaj\u0105c dynamiczne monitorowanie i analiz\u0119 sygna\u0142u. Funkcje te sprawiaj\u0105, \u017ce MS2090A-0732 jest wszechstronnym narz\u0119dziem do analizy widma RF.<\/p>","protected":false},"excerpt":{"rendered":"<p>R\u0119czny analizator widma RF wysokiej cz\u0119stotliwo\u015bci 32 GHz<\/p>","protected":false},"featured_media":10228,"comment_status":"closed","ping_status":"closed","template":"","meta":{"_acf_changed":false,"slim_seo":{"title":"MS2090A-0732 - YOTAVIS AG","description":"R\u0119czny analizator widma RF wysokiej cz\u0119stotliwo\u015bci 32 GHz"}},"product_brand":[758],"product_cat":[523,524],"product_tag":[],"class_list":{"0":"post-9896","1":"product","2":"type-product","3":"status-publish","4":"has-post-thumbnail","6":"product_brand-anritsu","7":"product_cat-analyser","8":"product_cat-signal-spectrum-analyser","9":"pa_analysis-bandwidth-mhz-783","10":"pa_danl-dbm-hz-784","11":"pa_frequency-max-mhz-759","12":"pa_frequency-min-hz-177","13":"pa_handheld-yes","14":"pa_rtsa-yes","16":"first","17":"instock","18":"taxable","19":"shipping-taxable","20":"product-type-simple"},"acf":[],"_links":{"self":[{"href":"https:\/\/yotavis.ch\/pl\/wp-json\/wp\/v2\/product\/9896","targetHints":{"allow":["GET"]}}],"collection":[{"href":"https:\/\/yotavis.ch\/pl\/wp-json\/wp\/v2\/product"}],"about":[{"href":"https:\/\/yotavis.ch\/pl\/wp-json\/wp\/v2\/types\/product"}],"replies":[{"embeddable":true,"href":"https:\/\/yotavis.ch\/pl\/wp-json\/wp\/v2\/comments?post=9896"}],"wp:featuredmedia":[{"embeddable":true,"href":"https:\/\/yotavis.ch\/pl\/wp-json\/wp\/v2\/media\/10228"}],"wp:attachment":[{"href":"https:\/\/yotavis.ch\/pl\/wp-json\/wp\/v2\/media?parent=9896"}],"wp:term":[{"taxonomy":"product_brand","embeddable":true,"href":"https:\/\/yotavis.ch\/pl\/wp-json\/wp\/v2\/product_brand?post=9896"},{"taxonomy":"product_cat","embeddable":true,"href":"https:\/\/yotavis.ch\/pl\/wp-json\/wp\/v2\/product_cat?post=9896"},{"taxonomy":"product_tag","embeddable":true,"href":"https:\/\/yotavis.ch\/pl\/wp-json\/wp\/v2\/product_tag?post=9896"}],"curies":[{"name":"wp","href":"https:\/\/api.w.org\/{rel}","templated":true}]}}