{"id":9897,"date":"2025-10-09T00:00:00","date_gmt":"2025-10-08T22:00:00","guid":{"rendered":"https:\/\/yotavis.ch\/product\/ms2090a-0743\/"},"modified":"2026-04-24T13:37:44","modified_gmt":"2026-04-24T11:37:44","slug":"ms2090a-0743","status":"publish","type":"product","link":"https:\/\/yotavis.ch\/pl\/produkt\/ms2090a-0743\/","title":{"rendered":"MS2090A-0743"},"content":{"rendered":"<p>MS2090A-0743 firmy Anritsu to r\u0119czny analizator widma RF wysokiej cz\u0119stotliwo\u015bci, zdolny do pracy do maksymalnej cz\u0119stotliwo\u015bci 43,5 GHz, z minimaln\u0105 cz\u0119stotliwo\u015bci\u0105 9 kHz. Charakteryzuje si\u0119 poziomem szumu fazowego -102 dBc\/Hz, co przyczynia si\u0119 do czysto\u015bci sygna\u0142u podczas analizy. Urz\u0105dzenie obs\u0142uguje pasmo analizy 150 MHz, co pozwala na szczeg\u00f3\u0142owe badanie widm sygna\u0142u w tym zakresie. Posiada r\u00f3wnie\u017c wska\u017anik DANL (Displayed Average Noise Level) na poziomie -164 dBm\/Hz, wskazuj\u0105cy na jego wra\u017cliwo\u015b\u0107 na sygna\u0142y o niskim poziomie. Ten r\u0119czny analizator widma jest wyposa\u017cony w funkcje analizy widma w czasie rzeczywistym (RTSA), co umo\u017cliwia skuteczne przechwytywanie i analizowanie sygna\u0142\u00f3w przej\u015bciowych. Zaprojektowany z my\u015bl\u0105 o przeno\u015bno\u015bci, MS2090A-0743 u\u0142atwia pomiary w terenie i testowanie na miejscu bez potrzeby stosowania niepor\u0119cznego sprz\u0119tu. Po\u0142\u0105czenie wysokiego zakresu cz\u0119stotliwo\u015bci, niskiego poziomu szum\u00f3w i analizy w czasie rzeczywistym sprawia, \u017ce nadaje si\u0119 on do r\u00f3\u017cnych zastosowa\u0144 pomiarowych RF.<\/p>","protected":false},"excerpt":{"rendered":"<p>R\u0119czny analizator widma RF wysokiej cz\u0119stotliwo\u015bci 43,5 GHz<\/p>","protected":false},"featured_media":10228,"comment_status":"closed","ping_status":"closed","template":"","meta":{"_acf_changed":false,"slim_seo":{"title":"MS2090A-0743 - YOTAVIS AG","description":"R\u0119czny analizator widma RF wysokiej cz\u0119stotliwo\u015bci 43,5 GHz"}},"product_brand":[758],"product_cat":[523,524],"product_tag":[],"class_list":{"0":"post-9897","1":"product","2":"type-product","3":"status-publish","4":"has-post-thumbnail","6":"product_brand-anritsu","7":"product_cat-analyser","8":"product_cat-signal-spectrum-analyser","9":"pa_analysis-bandwidth-mhz-783","10":"pa_danl-dbm-hz-784","11":"pa_frequency-max-mhz-785","12":"pa_frequency-min-hz-177","13":"pa_handheld-yes","14":"pa_rtsa-yes","16":"first","17":"instock","18":"taxable","19":"shipping-taxable","20":"product-type-simple"},"acf":[],"_links":{"self":[{"href":"https:\/\/yotavis.ch\/pl\/wp-json\/wp\/v2\/product\/9897","targetHints":{"allow":["GET"]}}],"collection":[{"href":"https:\/\/yotavis.ch\/pl\/wp-json\/wp\/v2\/product"}],"about":[{"href":"https:\/\/yotavis.ch\/pl\/wp-json\/wp\/v2\/types\/product"}],"replies":[{"embeddable":true,"href":"https:\/\/yotavis.ch\/pl\/wp-json\/wp\/v2\/comments?post=9897"}],"wp:featuredmedia":[{"embeddable":true,"href":"https:\/\/yotavis.ch\/pl\/wp-json\/wp\/v2\/media\/10228"}],"wp:attachment":[{"href":"https:\/\/yotavis.ch\/pl\/wp-json\/wp\/v2\/media?parent=9897"}],"wp:term":[{"taxonomy":"product_brand","embeddable":true,"href":"https:\/\/yotavis.ch\/pl\/wp-json\/wp\/v2\/product_brand?post=9897"},{"taxonomy":"product_cat","embeddable":true,"href":"https:\/\/yotavis.ch\/pl\/wp-json\/wp\/v2\/product_cat?post=9897"},{"taxonomy":"product_tag","embeddable":true,"href":"https:\/\/yotavis.ch\/pl\/wp-json\/wp\/v2\/product_tag?post=9897"}],"curies":[{"name":"wp","href":"https:\/\/api.w.org\/{rel}","templated":true}]}}