{"id":9909,"date":"2025-10-09T00:00:00","date_gmt":"2025-10-08T22:00:00","guid":{"rendered":"https:\/\/yotavis.ch\/product\/ms2762a-0050\/"},"modified":"2026-04-24T13:37:51","modified_gmt":"2026-04-24T11:37:51","slug":"ms2762a-0050","status":"publish","type":"product","link":"https:\/\/yotavis.ch\/pl\/produkt\/ms2762a-0050\/","title":{"rendered":"MS2762A-0050"},"content":{"rendered":"<p>Anritsu MS2762A-0050 to ultraprzeno\u015bny analizator widma zaprojektowany do pracy w zakresie cz\u0119stotliwo\u015bci od 6 GHz do 50 GHz. Charakteryzuje si\u0119 specyfikacj\u0105 szumu fazowego na poziomie -93 dBc\/Hz, co jest krytycznym parametrem do oceny czysto\u015bci sygna\u0142u. Urz\u0105dzenie oferuje szeroko\u015b\u0107 pasma analizy wynosz\u0105c\u0105 3 MHz, co pozwala na szczeg\u00f3\u0142owe badanie sk\u0142adowych sygna\u0142u w tym zakresie. Wy\u015bwietlany \u015bredni poziom szum\u00f3w (DANL) wynosi -137 dBm\/Hz, co wskazuje na czu\u0142o\u015b\u0107 przyrz\u0105du w wykrywaniu sygna\u0142\u00f3w o niskim poziomie. Ten analizator widma nie jest r\u0119czny, co sugeruje, \u017ce jest przeznaczony do u\u017cytku stacjonarnego lub stacjonarnego. Maksymalne pasmo przenoszenia wynosi do 50 000 MHz, co czyni go odpowiednim do zastosowa\u0144 wymagaj\u0105cych wysokich cz\u0119stotliwo\u015bci. MS2762A-0050 nie posiada funkcji analizy widma w czasie rzeczywistym (RTSA). Niniejsze specyfikacje zbiorczo definiuj\u0105 mo\u017cliwo\u015bci operacyjne i parametry techniczne analizatora widma Anritsu MS2762A-0050.<\/p>","protected":false},"excerpt":{"rendered":"<p>Ultraprzeno\u015bny analizator widma 50 GHz<\/p>","protected":false},"featured_media":10238,"comment_status":"closed","ping_status":"closed","template":"","meta":{"_acf_changed":false,"slim_seo":{"title":"MS2762A-0050 - YOTAVIS AG","description":"Ultraprzeno\u015bny analizator widma 50 GHz"}},"product_brand":[758],"product_cat":[523,524],"product_tag":[],"class_list":{"0":"post-9909","1":"product","2":"type-product","3":"status-publish","4":"has-post-thumbnail","6":"product_brand-anritsu","7":"product_cat-analyser","8":"product_cat-signal-spectrum-analyser","9":"pa_analysis-bandwidth-mhz-191","10":"pa_danl-dbm-hz-802","11":"pa_frequency-max-mhz-789","12":"pa_frequency-min-hz-800","13":"pa_handheld-no","14":"pa_rtsa-no","16":"first","17":"instock","18":"taxable","19":"shipping-taxable","20":"product-type-simple"},"acf":[],"_links":{"self":[{"href":"https:\/\/yotavis.ch\/pl\/wp-json\/wp\/v2\/product\/9909","targetHints":{"allow":["GET"]}}],"collection":[{"href":"https:\/\/yotavis.ch\/pl\/wp-json\/wp\/v2\/product"}],"about":[{"href":"https:\/\/yotavis.ch\/pl\/wp-json\/wp\/v2\/types\/product"}],"replies":[{"embeddable":true,"href":"https:\/\/yotavis.ch\/pl\/wp-json\/wp\/v2\/comments?post=9909"}],"wp:featuredmedia":[{"embeddable":true,"href":"https:\/\/yotavis.ch\/pl\/wp-json\/wp\/v2\/media\/10238"}],"wp:attachment":[{"href":"https:\/\/yotavis.ch\/pl\/wp-json\/wp\/v2\/media?parent=9909"}],"wp:term":[{"taxonomy":"product_brand","embeddable":true,"href":"https:\/\/yotavis.ch\/pl\/wp-json\/wp\/v2\/product_brand?post=9909"},{"taxonomy":"product_cat","embeddable":true,"href":"https:\/\/yotavis.ch\/pl\/wp-json\/wp\/v2\/product_cat?post=9909"},{"taxonomy":"product_tag","embeddable":true,"href":"https:\/\/yotavis.ch\/pl\/wp-json\/wp\/v2\/product_tag?post=9909"}],"curies":[{"name":"wp","href":"https:\/\/api.w.org\/{rel}","templated":true}]}}