{"id":9920,"date":"2025-10-09T00:00:00","date_gmt":"2025-10-08T22:00:00","guid":{"rendered":"https:\/\/yotavis.ch\/product\/ms4647b\/"},"modified":"2026-04-24T13:37:54","modified_gmt":"2026-04-24T11:37:54","slug":"ms4647b","status":"publish","type":"product","link":"https:\/\/yotavis.ch\/pl\/produkt\/ms4647b\/","title":{"rendered":"MS4647B"},"content":{"rendered":"<p>Anritsu MS4647B VectorStar\u2122 Microwave VNA pracuje z maksymaln\u0105 cz\u0119stotliwo\u015bci\u0105 70 GHz, zapewniaj\u0105c precyzyjne mo\u017cliwo\u015bci pomiarowe w tym zakresie wysokich cz\u0119stotliwo\u015bci. Posiada dwa porty, co pozwala na wszechstronne konfiguracje testowe i kompleksow\u0105 analiz\u0119 komponent\u00f3w mikrofalowych. Urz\u0105dzenie oferuje zakres dynamiczny 124 dB, umo\u017cliwiaj\u0105c wykrywanie sygna\u0142\u00f3w o szerokim zakresie poziom\u00f3w mocy. Zaprojektowany jako przyrz\u0105d stacjonarny, nie jest r\u0119czny, co pasuje do \u015brodowisk laboratoryjnych i produkcyjnych, w kt\u00f3rych stabilno\u015b\u0107 i dok\u0142adno\u015b\u0107 maj\u0105 kluczowe znaczenie. MS4647B obs\u0142uguje zaawansowan\u0105 analiz\u0119 sieci wektorowej, dzi\u0119ki czemu nadaje si\u0119 do charakteryzowania z\u0142o\u017conych urz\u0105dze\u0144 mikrofalowych. Jego mo\u017cliwo\u015bci w zakresie wysokich cz\u0119stotliwo\u015bci i znaczny zakres dynamiki sprawiaj\u0105, \u017ce jest to cenne narz\u0119dzie dla in\u017cynier\u00f3w pracuj\u0105cych w aplikacjach mikrofalowych i fal milimetrowych. Przyrz\u0105d jest cz\u0119\u015bci\u0105 serii VectorStar\u2122 firmy Anritsu, znanej z precyzji i niezawodno\u015bci w pomiarach mikrofalowych.<\/p>","protected":false},"excerpt":{"rendered":"<p>VectorStar\u2122 Microwave VNA 70 GHz<\/p>","protected":false},"featured_media":10250,"comment_status":"closed","ping_status":"closed","template":"","meta":{"_acf_changed":false,"slim_seo":{"title":"MS4647B - YOTAVIS AG","description":"VectorStar\u2122 Microwave VNA 70 GHz"}},"product_brand":[758],"product_cat":[523,525],"product_tag":[],"class_list":{"0":"post-9920","1":"product","2":"type-product","3":"status-publish","4":"has-post-thumbnail","6":"product_brand-anritsu","7":"product_cat-analyser","8":"product_cat-vna","9":"pa_dynamic-range-db-811","10":"pa_frequency-max-mhz-791","11":"pa_frequency-min-hz-808","12":"pa_handheld-no","13":"pa_ports-188","15":"first","16":"instock","17":"taxable","18":"shipping-taxable","19":"product-type-simple"},"acf":[],"_links":{"self":[{"href":"https:\/\/yotavis.ch\/pl\/wp-json\/wp\/v2\/product\/9920","targetHints":{"allow":["GET"]}}],"collection":[{"href":"https:\/\/yotavis.ch\/pl\/wp-json\/wp\/v2\/product"}],"about":[{"href":"https:\/\/yotavis.ch\/pl\/wp-json\/wp\/v2\/types\/product"}],"replies":[{"embeddable":true,"href":"https:\/\/yotavis.ch\/pl\/wp-json\/wp\/v2\/comments?post=9920"}],"wp:featuredmedia":[{"embeddable":true,"href":"https:\/\/yotavis.ch\/pl\/wp-json\/wp\/v2\/media\/10250"}],"wp:attachment":[{"href":"https:\/\/yotavis.ch\/pl\/wp-json\/wp\/v2\/media?parent=9920"}],"wp:term":[{"taxonomy":"product_brand","embeddable":true,"href":"https:\/\/yotavis.ch\/pl\/wp-json\/wp\/v2\/product_brand?post=9920"},{"taxonomy":"product_cat","embeddable":true,"href":"https:\/\/yotavis.ch\/pl\/wp-json\/wp\/v2\/product_cat?post=9920"},{"taxonomy":"product_tag","embeddable":true,"href":"https:\/\/yotavis.ch\/pl\/wp-json\/wp\/v2\/product_tag?post=9920"}],"curies":[{"name":"wp","href":"https:\/\/api.w.org\/{rel}","templated":true}]}}