{"id":9923,"date":"2025-10-09T00:00:00","date_gmt":"2025-10-08T22:00:00","guid":{"rendered":"https:\/\/yotavis.ch\/product\/ms46131a-020\/"},"modified":"2026-04-24T13:37:55","modified_gmt":"2026-04-24T11:37:55","slug":"ms46131a-020","status":"publish","type":"product","link":"https:\/\/yotavis.ch\/pl\/produkt\/ms46131a-020\/","title":{"rendered":"MS46131A-020"},"content":{"rendered":"<p>MS46131A-020 ShockLine\u2122 Modular 1-Port VNA firmy Anritsu pracuje w zakresie cz\u0119stotliwo\u015bci od 1 MHz do 20 GHz. Posiada konfiguracj\u0119 z jednym portem i oferuje zakres dynamiczny 102 dB. Ten modu\u0142owy wektorowy analizator sieci zosta\u0142 zaprojektowany do precyzyjnych pomiar\u00f3w w okre\u015blonych granicach cz\u0119stotliwo\u015bci. Urz\u0105dzenie nie jest r\u0119czne, co oznacza, \u017ce jest przeznaczone do u\u017cytku stacjonarnego lub w szafie. Jego modu\u0142owa konstrukcja pozwala na integracj\u0119 z r\u00f3\u017cnymi konfiguracjami testowymi, zapewniaj\u0105c elastyczno\u015b\u0107 w zastosowaniach pomiarowych. Wysoki zakres dynamiki umo\u017cliwia dok\u0142adn\u0105 analiz\u0119 sygna\u0142u w szerokim spektrum. Model ten jest odpowiedni dla u\u017cytkownik\u00f3w wymagaj\u0105cych szczeg\u00f3\u0142owej analizy sieci wektorowej do 20 GHz.<\/p>","protected":false},"excerpt":{"rendered":"<p>ShockLine\u2122 Modular 1-Port VNA 20GHz<\/p>","protected":false},"featured_media":10260,"comment_status":"closed","ping_status":"closed","template":"","meta":{"_acf_changed":false,"slim_seo":{"title":"MS46131A-020 - YOTAVIS AG","description":"ShockLine\u2122 Modular 1-Port VNA 20GHz"}},"product_brand":[758],"product_cat":[523,525],"product_tag":[],"class_list":{"0":"post-9923","1":"product","2":"type-product","3":"status-publish","4":"has-post-thumbnail","6":"product_brand-anritsu","7":"product_cat-analyser","8":"product_cat-vna","9":"pa_dynamic-range-db-813","10":"pa_frequency-max-mhz-467","11":"pa_frequency-min-hz-767","12":"pa_handheld-no","13":"pa_ports-812","15":"first","16":"instock","17":"taxable","18":"shipping-taxable","19":"product-type-simple"},"acf":[],"_links":{"self":[{"href":"https:\/\/yotavis.ch\/pl\/wp-json\/wp\/v2\/product\/9923","targetHints":{"allow":["GET"]}}],"collection":[{"href":"https:\/\/yotavis.ch\/pl\/wp-json\/wp\/v2\/product"}],"about":[{"href":"https:\/\/yotavis.ch\/pl\/wp-json\/wp\/v2\/types\/product"}],"replies":[{"embeddable":true,"href":"https:\/\/yotavis.ch\/pl\/wp-json\/wp\/v2\/comments?post=9923"}],"wp:featuredmedia":[{"embeddable":true,"href":"https:\/\/yotavis.ch\/pl\/wp-json\/wp\/v2\/media\/10260"}],"wp:attachment":[{"href":"https:\/\/yotavis.ch\/pl\/wp-json\/wp\/v2\/media?parent=9923"}],"wp:term":[{"taxonomy":"product_brand","embeddable":true,"href":"https:\/\/yotavis.ch\/pl\/wp-json\/wp\/v2\/product_brand?post=9923"},{"taxonomy":"product_cat","embeddable":true,"href":"https:\/\/yotavis.ch\/pl\/wp-json\/wp\/v2\/product_cat?post=9923"},{"taxonomy":"product_tag","embeddable":true,"href":"https:\/\/yotavis.ch\/pl\/wp-json\/wp\/v2\/product_tag?post=9923"}],"curies":[{"name":"wp","href":"https:\/\/api.w.org\/{rel}","templated":true}]}}