{"id":9927,"date":"2025-10-09T00:00:00","date_gmt":"2025-10-08T22:00:00","guid":{"rendered":"https:\/\/yotavis.ch\/product\/ms46122b-043\/"},"modified":"2026-04-24T13:37:59","modified_gmt":"2026-04-24T11:37:59","slug":"ms46122b-043","status":"publish","type":"product","link":"https:\/\/yotavis.ch\/pl\/produkt\/ms46122b-043\/","title":{"rendered":"MS46122B-043"},"content":{"rendered":"<p>MS46122B-043 ShockLine\u2122 Compact VNA 43,5 GHz firmy Anritsu dzia\u0142a w zakresie cz\u0119stotliwo\u015bci od 1 MHz do 43,5 GHz. Charakteryzuje si\u0119 zakresem dynamiki 100 dB, umo\u017cliwiaj\u0105c precyzyjny pomiar sygna\u0142u w ca\u0142ym spektrum dzia\u0142ania. Urz\u0105dzenie jest wyposa\u017cone w dwa porty, co u\u0142atwia wszechstronne konfiguracje testowe. Zaprojektowany jako przyrz\u0105d stacjonarny, nie jest r\u0119czny, co wskazuje na jego przydatno\u015b\u0107 w \u015brodowiskach laboratoryjnych lub stacjonarnych. Kompaktowa konstrukcja serii ShockLine integruje zaawansowane mo\u017cliwo\u015bci analizy sieci wektorowej w usprawnionej obudowie. Jego zakres cz\u0119stotliwo\u015bci i zakres dynamiki sprawiaj\u0105, \u017ce nadaje si\u0119 do zastosowa\u0144 o wysokiej cz\u0119stotliwo\u015bci wymagaj\u0105cych szczeg\u00f3\u0142owej charakterystyki sygna\u0142u. MS46122B-043 obs\u0142uguje szeroki zakres zada\u0144 pomiarowych w okre\u015blonych granicach cz\u0119stotliwo\u015bci.<\/p>","protected":false},"excerpt":{"rendered":"<p>ShockLine\u2122 Compact VNA 43,5 GHz<\/p>","protected":false},"featured_media":10265,"comment_status":"closed","ping_status":"closed","template":"","meta":{"_acf_changed":false,"slim_seo":{"title":"MS46122B-043 - YOTAVIS AG","description":"ShockLine\u2122 Compact VNA 43,5 GHz"}},"product_brand":[758],"product_cat":[523,525],"product_tag":[],"class_list":{"0":"post-9927","1":"product","2":"type-product","3":"status-publish","4":"has-post-thumbnail","6":"product_brand-anritsu","7":"product_cat-analyser","8":"product_cat-vna","9":"pa_dynamic-range-db-253","10":"pa_frequency-max-mhz-785","11":"pa_frequency-min-hz-767","12":"pa_handheld-no","13":"pa_ports-188","15":"first","16":"instock","17":"taxable","18":"shipping-taxable","19":"product-type-simple"},"acf":[],"_links":{"self":[{"href":"https:\/\/yotavis.ch\/pl\/wp-json\/wp\/v2\/product\/9927","targetHints":{"allow":["GET"]}}],"collection":[{"href":"https:\/\/yotavis.ch\/pl\/wp-json\/wp\/v2\/product"}],"about":[{"href":"https:\/\/yotavis.ch\/pl\/wp-json\/wp\/v2\/types\/product"}],"replies":[{"embeddable":true,"href":"https:\/\/yotavis.ch\/pl\/wp-json\/wp\/v2\/comments?post=9927"}],"wp:featuredmedia":[{"embeddable":true,"href":"https:\/\/yotavis.ch\/pl\/wp-json\/wp\/v2\/media\/10265"}],"wp:attachment":[{"href":"https:\/\/yotavis.ch\/pl\/wp-json\/wp\/v2\/media?parent=9927"}],"wp:term":[{"taxonomy":"product_brand","embeddable":true,"href":"https:\/\/yotavis.ch\/pl\/wp-json\/wp\/v2\/product_brand?post=9927"},{"taxonomy":"product_cat","embeddable":true,"href":"https:\/\/yotavis.ch\/pl\/wp-json\/wp\/v2\/product_cat?post=9927"},{"taxonomy":"product_tag","embeddable":true,"href":"https:\/\/yotavis.ch\/pl\/wp-json\/wp\/v2\/product_tag?post=9927"}],"curies":[{"name":"wp","href":"https:\/\/api.w.org\/{rel}","templated":true}]}}