{"id":9942,"date":"2025-10-09T00:00:00","date_gmt":"2025-10-08T22:00:00","guid":{"rendered":"https:\/\/yotavis.ch\/product\/ms2035b\/"},"modified":"2026-04-24T13:38:06","modified_gmt":"2026-04-24T11:38:06","slug":"ms2035b","status":"publish","type":"product","link":"https:\/\/yotavis.ch\/pl\/produkt\/ms2035b\/","title":{"rendered":"MS2035B"},"content":{"rendered":"<p>Anritsu MS2035B to niedrogi i przeno\u015bny wektorowy analizator sieci (VNA), kt\u00f3ry dzia\u0142a do 6 GHz, dzi\u0119ki czemu nadaje si\u0119 do r\u00f3\u017cnych zastosowa\u0144 pomiarowych. Charakteryzuje si\u0119 zakresem cz\u0119stotliwo\u015bci od 500 kHz do maksymalnie 6000 MHz, zapewniaj\u0105c szerokie spektrum do analizy. Urz\u0105dzenie oferuje zakres dynamiki 100 dB, co pozwala na precyzyjny pomiar i charakteryzacj\u0119 sygna\u0142u. Wyposa\u017cony w dwa porty, MS2035B obs\u0142uguje wszechstronne konfiguracje testowe. Jego r\u0119czna konstrukcja zwi\u0119ksza przeno\u015bno\u015b\u0107, umo\u017cliwiaj\u0105c u\u017cytkownikom \u0142atwe wykonywanie pomiar\u00f3w w r\u00f3\u017cnych \u015brodowiskach. Model ten zosta\u0142 zaprojektowany tak, aby zapewni\u0107 niezawodn\u0105 wydajno\u015b\u0107 w kompaktowej obudowie, zaspokajaj\u0105c potrzeby profesjonalist\u00f3w, kt\u00f3rzy wymagaj\u0105 mobilno\u015bci bez uszczerbku dla funkcjonalno\u015bci.<\/p>","protected":false},"excerpt":{"rendered":"<p>Przyst\u0119pny cenowo i przeno\u015bny VNA 6 GHz + Spectrum<\/p>","protected":false},"featured_media":10291,"comment_status":"closed","ping_status":"closed","template":"","meta":{"_acf_changed":false,"slim_seo":{"title":"MS2035B - YOTAVIS AG","description":"Przyst\u0119pny cenowo i przeno\u015bny VNA 6 GHz + Spectrum"}},"product_brand":[758],"product_cat":[523,525],"product_tag":[],"class_list":{"0":"post-9942","1":"product","2":"type-product","3":"status-publish","4":"has-post-thumbnail","6":"product_brand-anritsu","7":"product_cat-analyser","8":"product_cat-vna","9":"pa_dynamic-range-db-253","10":"pa_frequency-max-mhz-647","11":"pa_frequency-min-hz-818","12":"pa_handheld-yes","13":"pa_ports-188","15":"first","16":"instock","17":"taxable","18":"shipping-taxable","19":"product-type-simple"},"acf":[],"_links":{"self":[{"href":"https:\/\/yotavis.ch\/pl\/wp-json\/wp\/v2\/product\/9942","targetHints":{"allow":["GET"]}}],"collection":[{"href":"https:\/\/yotavis.ch\/pl\/wp-json\/wp\/v2\/product"}],"about":[{"href":"https:\/\/yotavis.ch\/pl\/wp-json\/wp\/v2\/types\/product"}],"replies":[{"embeddable":true,"href":"https:\/\/yotavis.ch\/pl\/wp-json\/wp\/v2\/comments?post=9942"}],"wp:featuredmedia":[{"embeddable":true,"href":"https:\/\/yotavis.ch\/pl\/wp-json\/wp\/v2\/media\/10291"}],"wp:attachment":[{"href":"https:\/\/yotavis.ch\/pl\/wp-json\/wp\/v2\/media?parent=9942"}],"wp:term":[{"taxonomy":"product_brand","embeddable":true,"href":"https:\/\/yotavis.ch\/pl\/wp-json\/wp\/v2\/product_brand?post=9942"},{"taxonomy":"product_cat","embeddable":true,"href":"https:\/\/yotavis.ch\/pl\/wp-json\/wp\/v2\/product_cat?post=9942"},{"taxonomy":"product_tag","embeddable":true,"href":"https:\/\/yotavis.ch\/pl\/wp-json\/wp\/v2\/product_tag?post=9942"}],"curies":[{"name":"wp","href":"https:\/\/api.w.org\/{rel}","templated":true}]}}